{"id":5282,"date":"2022-08-24T18:33:48","date_gmt":"2022-08-24T10:33:48","guid":{"rendered":"https:\/\/leeknives.com\/?post_type=product&#038;p=5282"},"modified":"2023-12-22T15:12:03","modified_gmt":"2023-12-22T07:12:03","slug":"wurstbrett-lkchb20009","status":"publish","type":"product","link":"https:\/\/leeknives.com\/de\/products\/charcuterie-board-lkchb20009\/","title":{"rendered":"UV-bedrucktes Akazien-Wurstbrett mit Griff LKCHB20009"},"content":{"rendered":"","protected":false},"excerpt":{"rendered":"<h3>Highlights<\/h3>\n<p>UV-Druck, Griff<\/p>\n<h3>Hauptmerkmale<\/h3>\n<ul>\n<li>Dieses Wurstbrett wurde mit kunstvoller geometrischer Kunst auf der Oberseite und dem Griff UV-bedruckt. Das Muster ist individuell anpassbar.<\/li>\n<li>Komplett aus hochwertigem Akazienholz gefertigt. Ein renommiertes Hartholz, das sich durch seine Widerstandsf\u00e4higkeit gegen Wasser, Kratzer und Bakterien auszeichnet.<\/li>\n<li>Der Tragegriff kann beim Transportieren einer vollgepackten Wurstplatte eine gro\u00dfe Hilfe sein. Das Aufh\u00e4ngeloch in der Mitte dient als Aufbewahrungsl\u00f6sung an der Wand.<\/li>\n<\/ul>","protected":false},"featured_media":7462,"template":"","meta":{"inline_featured_image":false},"product_brand":[],"product_cat":[112],"product_tag":[],"class_list":{"0":"post-5282","1":"product","2":"type-product","3":"status-publish","4":"has-post-thumbnail","6":"product_cat-charcuterie-boards","7":"pa_board-material-acacia","8":"sales-flash-overlay","9":"woocommerce-text-align-left","10":"woocommerce-image-align-center","11":"do-quantity-buttons","12":"wc-has-gallery","14":"first","15":"instock","16":"shipping-taxable","17":"product-type-simple"},"_links":{"self":[{"href":"https:\/\/leeknives.com\/de\/wp-json\/wp\/v2\/product\/5282","targetHints":{"allow":["GET"]}}],"collection":[{"href":"https:\/\/leeknives.com\/de\/wp-json\/wp\/v2\/product"}],"about":[{"href":"https:\/\/leeknives.com\/de\/wp-json\/wp\/v2\/types\/product"}],"wp:featuredmedia":[{"embeddable":true,"href":"https:\/\/leeknives.com\/de\/wp-json\/wp\/v2\/media\/7462"}],"wp:attachment":[{"href":"https:\/\/leeknives.com\/de\/wp-json\/wp\/v2\/media?parent=5282"}],"wp:term":[{"taxonomy":"product_brand","embeddable":true,"href":"https:\/\/leeknives.com\/de\/wp-json\/wp\/v2\/product_brand?post=5282"},{"taxonomy":"product_cat","embeddable":true,"href":"https:\/\/leeknives.com\/de\/wp-json\/wp\/v2\/product_cat?post=5282"},{"taxonomy":"product_tag","embeddable":true,"href":"https:\/\/leeknives.com\/de\/wp-json\/wp\/v2\/product_tag?post=5282"}],"curies":[{"name":"wp","href":"https:\/\/api.w.org\/{rel}","templated":true}]}}