{"id":5290,"date":"2022-08-24T18:41:00","date_gmt":"2022-08-24T10:41:00","guid":{"rendered":"https:\/\/leeknives.com\/?post_type=product&#038;p=5290"},"modified":"2023-12-22T15:11:36","modified_gmt":"2023-12-22T07:11:36","slug":"wurstplatte-lkchb20012","status":"publish","type":"product","link":"https:\/\/leeknives.com\/de\/products\/charcuterie-board-lkchb20012\/","title":{"rendered":"Wurstbrett aus Marmor und Akazie mit abgerundeten Ecken LKCHB20012"},"content":{"rendered":"","protected":false},"excerpt":{"rendered":"<h3>Highlights<\/h3>\n<p>Abgerundete Ecken<\/p>\n<h3>Hauptmerkmale<\/h3>\n<ul>\n<li>Dieses rechteckige Wurstbrett ist 14 Zoll lang und 6 Zoll breit. Es bietet Platz f\u00fcr ein Familienfestmahl mit K\u00e4se, Fleisch und allen m\u00f6glichen Snacks!<\/li>\n<li>Nicht nur Ihr normales Holz. Die Akazie ist ein unglaublich robustes und hochwertiges Hartholz, das bei Holzarbeitern auf der ganzen Welt begehrt ist.<\/li>\n<li>Die beidseitige Einbettung von Marmor in die Akazie verleiht dem Servierbrett einen schicken, modernen Touch.<\/li>\n<\/ul>","protected":false},"featured_media":7468,"template":"","meta":{"inline_featured_image":false},"product_brand":[],"product_cat":[112],"product_tag":[],"class_list":{"0":"post-5290","1":"product","2":"type-product","3":"status-publish","4":"has-post-thumbnail","6":"product_cat-charcuterie-boards","7":"pa_board-material-acacia","8":"pa_board-material-marble","9":"sales-flash-overlay","10":"woocommerce-text-align-left","11":"woocommerce-image-align-center","12":"do-quantity-buttons","13":"wc-has-gallery","15":"first","16":"instock","17":"shipping-taxable","18":"product-type-simple"},"_links":{"self":[{"href":"https:\/\/leeknives.com\/de\/wp-json\/wp\/v2\/product\/5290","targetHints":{"allow":["GET"]}}],"collection":[{"href":"https:\/\/leeknives.com\/de\/wp-json\/wp\/v2\/product"}],"about":[{"href":"https:\/\/leeknives.com\/de\/wp-json\/wp\/v2\/types\/product"}],"wp:featuredmedia":[{"embeddable":true,"href":"https:\/\/leeknives.com\/de\/wp-json\/wp\/v2\/media\/7468"}],"wp:attachment":[{"href":"https:\/\/leeknives.com\/de\/wp-json\/wp\/v2\/media?parent=5290"}],"wp:term":[{"taxonomy":"product_brand","embeddable":true,"href":"https:\/\/leeknives.com\/de\/wp-json\/wp\/v2\/product_brand?post=5290"},{"taxonomy":"product_cat","embeddable":true,"href":"https:\/\/leeknives.com\/de\/wp-json\/wp\/v2\/product_cat?post=5290"},{"taxonomy":"product_tag","embeddable":true,"href":"https:\/\/leeknives.com\/de\/wp-json\/wp\/v2\/product_tag?post=5290"}],"curies":[{"name":"wp","href":"https:\/\/api.w.org\/{rel}","templated":true}]}}