{"id":5294,"date":"2022-08-24T18:43:05","date_gmt":"2022-08-24T10:43:05","guid":{"rendered":"https:\/\/leeknives.com\/?post_type=product&#038;p=5294"},"modified":"2023-12-22T15:11:27","modified_gmt":"2023-12-22T07:11:27","slug":"wurstplatte-lkchb20013","status":"publish","type":"product","link":"https:\/\/leeknives.com\/de\/products\/charcuterie-board-lkchb20013\/","title":{"rendered":"Wurstbrett aus Marmor und Akazie mit Griff und abgerundeten Ecken LKCHB20013"},"content":{"rendered":"","protected":false},"excerpt":{"rendered":"<h3>Highlights<\/h3>\n<p>Griff, Aufh\u00e4ngeloch, abgerundete Ecken<\/p>\n<h3>Hauptmerkmale<\/h3>\n<ul>\n<li>Aufgrund seiner bemerkenswerten Wasserbest\u00e4ndigkeit und Haltbarkeit eignet sich Akazienholz hervorragend als Grundmaterial f\u00fcr Wurstplatten und viele andere K\u00fcchenutensilien.<\/li>\n<li>\u00dcbertragen Sie dampfende Speisen mithilfe des verl\u00e4ngerten Griffs schnell auf dieses Serviertablett.<\/li>\n<li>Das eingearbeitete Aufh\u00e4ngeloch soll bei der Aufbewahrung helfen, die abgerundete Ecke verhindert unerwartete St\u00f6\u00dfe, die zu Sch\u00e4den f\u00fchren k\u00f6nnen.<\/li>\n<\/ul>","protected":false},"featured_media":7470,"template":"","meta":{"inline_featured_image":false},"product_brand":[],"product_cat":[112],"product_tag":[],"class_list":{"0":"post-5294","1":"product","2":"type-product","3":"status-publish","4":"has-post-thumbnail","6":"product_cat-charcuterie-boards","7":"pa_board-material-acacia","8":"pa_board-material-marble","9":"sales-flash-overlay","10":"woocommerce-text-align-left","11":"woocommerce-image-align-center","12":"do-quantity-buttons","13":"wc-has-gallery","15":"first","16":"instock","17":"shipping-taxable","18":"product-type-simple"},"_links":{"self":[{"href":"https:\/\/leeknives.com\/de\/wp-json\/wp\/v2\/product\/5294","targetHints":{"allow":["GET"]}}],"collection":[{"href":"https:\/\/leeknives.com\/de\/wp-json\/wp\/v2\/product"}],"about":[{"href":"https:\/\/leeknives.com\/de\/wp-json\/wp\/v2\/types\/product"}],"wp:featuredmedia":[{"embeddable":true,"href":"https:\/\/leeknives.com\/de\/wp-json\/wp\/v2\/media\/7470"}],"wp:attachment":[{"href":"https:\/\/leeknives.com\/de\/wp-json\/wp\/v2\/media?parent=5294"}],"wp:term":[{"taxonomy":"product_brand","embeddable":true,"href":"https:\/\/leeknives.com\/de\/wp-json\/wp\/v2\/product_brand?post=5294"},{"taxonomy":"product_cat","embeddable":true,"href":"https:\/\/leeknives.com\/de\/wp-json\/wp\/v2\/product_cat?post=5294"},{"taxonomy":"product_tag","embeddable":true,"href":"https:\/\/leeknives.com\/de\/wp-json\/wp\/v2\/product_tag?post=5294"}],"curies":[{"name":"wp","href":"https:\/\/api.w.org\/{rel}","templated":true}]}}