{"id":5297,"date":"2022-08-24T18:44:56","date_gmt":"2022-08-24T10:44:56","guid":{"rendered":"https:\/\/leeknives.com\/?post_type=product&#038;p=5297"},"modified":"2023-12-22T15:11:11","modified_gmt":"2023-12-22T07:11:11","slug":"wurstplatte-lkchb20014","status":"publish","type":"product","link":"https:\/\/leeknives.com\/de\/charcuterie-board-lkchb20014\/","title":{"rendered":"Rundes Wurstbrett aus Marmor und Akazie mit Ausschnitt LKCHB20014"},"content":{"rendered":"","protected":false},"excerpt":{"rendered":"<h3>Highlights<\/h3>\n<p>Ausgeschnitten<\/p>\n<h3>Hauptmerkmale<\/h3>\n<ul>\n<li>Das Marmor-Wurstbrett ist in der Mitte mit Akazienholz verbunden. Das markante Design mit runder Form ist ein nat\u00fcrlicher Blickfang.<\/li>\n<li>Marmor und Akazie sind robuste Materialien, die Hitze und Wasser hervorragend widerstehen. Dank der Aufh\u00e4nge\u00f6ffnung auf der Oberseite k\u00f6nnen Sie es \u00fcberall problemlos aufh\u00e4ngen.<\/li>\n<li>Verwenden Sie das Wurstbrett zum Servieren von Kastanien, Fr\u00fcchten und allen Arten von Aufschnitt!<\/li>\n<\/ul>","protected":false},"featured_media":7472,"template":"","meta":{"inline_featured_image":false},"product_brand":[],"product_cat":[112],"product_tag":[],"class_list":{"0":"post-5297","1":"product","2":"type-product","3":"status-publish","4":"has-post-thumbnail","6":"product_cat-charcuterie-boards","7":"pa_board-material-acacia","8":"pa_board-material-marble","9":"sales-flash-overlay","10":"woocommerce-text-align-left","11":"woocommerce-image-align-center","12":"do-quantity-buttons","13":"wc-has-gallery","15":"first","16":"instock","17":"shipping-taxable","18":"product-type-simple"},"_links":{"self":[{"href":"https:\/\/leeknives.com\/de\/wp-json\/wp\/v2\/product\/5297","targetHints":{"allow":["GET"]}}],"collection":[{"href":"https:\/\/leeknives.com\/de\/wp-json\/wp\/v2\/product"}],"about":[{"href":"https:\/\/leeknives.com\/de\/wp-json\/wp\/v2\/types\/product"}],"wp:featuredmedia":[{"embeddable":true,"href":"https:\/\/leeknives.com\/de\/wp-json\/wp\/v2\/media\/7472"}],"wp:attachment":[{"href":"https:\/\/leeknives.com\/de\/wp-json\/wp\/v2\/media?parent=5297"}],"wp:term":[{"taxonomy":"product_brand","embeddable":true,"href":"https:\/\/leeknives.com\/de\/wp-json\/wp\/v2\/product_brand?post=5297"},{"taxonomy":"product_cat","embeddable":true,"href":"https:\/\/leeknives.com\/de\/wp-json\/wp\/v2\/product_cat?post=5297"},{"taxonomy":"product_tag","embeddable":true,"href":"https:\/\/leeknives.com\/de\/wp-json\/wp\/v2\/product_tag?post=5297"}],"curies":[{"name":"wp","href":"https:\/\/api.w.org\/{rel}","templated":true}]}}