{"id":5300,"date":"2022-08-24T18:46:37","date_gmt":"2022-08-24T10:46:37","guid":{"rendered":"https:\/\/leeknives.com\/?post_type=product&#038;p=5300"},"modified":"2023-12-22T15:11:01","modified_gmt":"2023-12-22T07:11:01","slug":"wurstbrett-lkchb20015","status":"publish","type":"product","link":"https:\/\/leeknives.com\/de\/products\/charcuterie-board-lkchb20015\/","title":{"rendered":"Wurstbrett aus Marmor und Akazie mit Griff und Herzausschnitt LKCHB20015"},"content":{"rendered":"","protected":false},"excerpt":{"rendered":"<h3>Highlights<\/h3>\n<p>Griff, Herzausschnitt<\/p>\n<h3>Hauptmerkmale<\/h3>\n<ul>\n<li>Das Brett ist gro\u00df, rechteckig und hat abgerundete Ecken, um unerw\u00fcnschte St\u00f6\u00dfe zu vermeiden, die zu Rissen f\u00fchren k\u00f6nnen.<\/li>\n<li>Akazie ist wohl eines der edelsten Harth\u00f6lzer f\u00fcr die Herstellung von Wurstbrettern und eine hervorragende Wahl f\u00fcr Kunden, die ein langlebiges, farbenfrohes und robustes Produkt w\u00fcnschen.<\/li>\n<li>Der herzf\u00f6rmige Ausschnitt oben am Griff sorgt f\u00fcr eine gute Luftzirkulation. H\u00e4ngen Sie das Brett einfach an eine freie Stelle und lassen Sie es nach der Reinigung an der Luft trocknen.<\/li>\n<\/ul>","protected":false},"featured_media":7474,"template":"","meta":{"inline_featured_image":false},"product_brand":[],"product_cat":[112],"product_tag":[],"class_list":{"0":"post-5300","1":"product","2":"type-product","3":"status-publish","4":"has-post-thumbnail","6":"product_cat-charcuterie-boards","7":"pa_board-material-acacia","8":"pa_board-material-marble","9":"sales-flash-overlay","10":"woocommerce-text-align-left","11":"woocommerce-image-align-center","12":"do-quantity-buttons","13":"wc-has-gallery","15":"first","16":"instock","17":"shipping-taxable","18":"product-type-simple"},"_links":{"self":[{"href":"https:\/\/leeknives.com\/de\/wp-json\/wp\/v2\/product\/5300","targetHints":{"allow":["GET"]}}],"collection":[{"href":"https:\/\/leeknives.com\/de\/wp-json\/wp\/v2\/product"}],"about":[{"href":"https:\/\/leeknives.com\/de\/wp-json\/wp\/v2\/types\/product"}],"wp:featuredmedia":[{"embeddable":true,"href":"https:\/\/leeknives.com\/de\/wp-json\/wp\/v2\/media\/7474"}],"wp:attachment":[{"href":"https:\/\/leeknives.com\/de\/wp-json\/wp\/v2\/media?parent=5300"}],"wp:term":[{"taxonomy":"product_brand","embeddable":true,"href":"https:\/\/leeknives.com\/de\/wp-json\/wp\/v2\/product_brand?post=5300"},{"taxonomy":"product_cat","embeddable":true,"href":"https:\/\/leeknives.com\/de\/wp-json\/wp\/v2\/product_cat?post=5300"},{"taxonomy":"product_tag","embeddable":true,"href":"https:\/\/leeknives.com\/de\/wp-json\/wp\/v2\/product_tag?post=5300"}],"curies":[{"name":"wp","href":"https:\/\/api.w.org\/{rel}","templated":true}]}}