{"id":5303,"date":"2022-08-24T18:48:28","date_gmt":"2022-08-24T10:48:28","guid":{"rendered":"https:\/\/leeknives.com\/?post_type=product&#038;p=5303"},"modified":"2023-12-22T15:10:52","modified_gmt":"2023-12-22T07:10:52","slug":"wurstplatte-lkchb20016","status":"publish","type":"product","link":"https:\/\/leeknives.com\/de\/products\/charcuterie-board-lkchb20016\/","title":{"rendered":"Wurstbrett aus Marmor und Akazie mit Griff LKCHB20016"},"content":{"rendered":"","protected":false},"excerpt":{"rendered":"<h3>Highlights<\/h3>\n<p>Griff, Aufh\u00e4ngeloch<\/p>\n<h3>Hauptmerkmale<\/h3>\n<ul>\n<li>Eine himmlische Kombination aus Akazienholz und Marmor. Geeignet f\u00fcr alle Anl\u00e4sse, bei denen ein Servierbrett ben\u00f6tigt wird: Einweihungsparty, Brunch, Nachmittagssnacks usw.<\/li>\n<li>Akazie ist eine luxuri\u00f6se Holzart, die die meisten Harth\u00f6lzer in puncto H\u00e4rte, Wasserbest\u00e4ndigkeit und Haltbarkeit \u00fcbertrifft.<\/li>\n<li>Es ist ein ziemlich schweres Brett. Kann aber mit dem verl\u00e4ngerten Griff leicht transportiert werden.<\/li>\n<\/ul>","protected":false},"featured_media":7476,"template":"","meta":{"inline_featured_image":false},"product_brand":[],"product_cat":[112],"product_tag":[],"class_list":{"0":"post-5303","1":"product","2":"type-product","3":"status-publish","4":"has-post-thumbnail","6":"product_cat-charcuterie-boards","7":"pa_board-material-acacia","8":"pa_board-material-marble","9":"sales-flash-overlay","10":"woocommerce-text-align-left","11":"woocommerce-image-align-center","12":"do-quantity-buttons","13":"wc-has-gallery","15":"first","16":"instock","17":"shipping-taxable","18":"product-type-simple"},"_links":{"self":[{"href":"https:\/\/leeknives.com\/de\/wp-json\/wp\/v2\/product\/5303","targetHints":{"allow":["GET"]}}],"collection":[{"href":"https:\/\/leeknives.com\/de\/wp-json\/wp\/v2\/product"}],"about":[{"href":"https:\/\/leeknives.com\/de\/wp-json\/wp\/v2\/types\/product"}],"wp:featuredmedia":[{"embeddable":true,"href":"https:\/\/leeknives.com\/de\/wp-json\/wp\/v2\/media\/7476"}],"wp:attachment":[{"href":"https:\/\/leeknives.com\/de\/wp-json\/wp\/v2\/media?parent=5303"}],"wp:term":[{"taxonomy":"product_brand","embeddable":true,"href":"https:\/\/leeknives.com\/de\/wp-json\/wp\/v2\/product_brand?post=5303"},{"taxonomy":"product_cat","embeddable":true,"href":"https:\/\/leeknives.com\/de\/wp-json\/wp\/v2\/product_cat?post=5303"},{"taxonomy":"product_tag","embeddable":true,"href":"https:\/\/leeknives.com\/de\/wp-json\/wp\/v2\/product_tag?post=5303"}],"curies":[{"name":"wp","href":"https:\/\/api.w.org\/{rel}","templated":true}]}}