{"id":5306,"date":"2022-08-24T18:51:32","date_gmt":"2022-08-24T10:51:32","guid":{"rendered":"https:\/\/leeknives.com\/?post_type=product&#038;p=5306"},"modified":"2023-12-22T15:10:43","modified_gmt":"2023-12-22T07:10:43","slug":"wurstplatte-lkchb20017","status":"publish","type":"product","link":"https:\/\/leeknives.com\/de\/products\/charcuterie-board-lkchb20017\/","title":{"rendered":"Wurstbrett aus Marmor und Akazie mit abgerundeten Ecken LKCHB20017"},"content":{"rendered":"","protected":false},"excerpt":{"rendered":"<h3>Highlights<\/h3>\n<p>Abgerundete Ecken, Aufh\u00e4ngeloch<\/p>\n<h3>Hauptmerkmale<\/h3>\n<ul>\n<li>Modernes, ovales Wurstbrett aus Marmor und mittig integriertem Akazienholz.<\/li>\n<li>Eine stilvolle und elegante Wahl zum Pr\u00e4sentieren von Obst, Wurst, N\u00fcssen, Kuchen und K\u00e4se. Verwenden Sie es, um Ihre G\u00e4ste zu \u00fcberraschen oder als Dekoration zu verwenden.<\/li>\n<li>L\u00e4sst sich dank der Aufh\u00e4nge\u00f6se leicht reinigen und an der Wand lufttrocknen.<\/li>\n<\/ul>","protected":false},"featured_media":7478,"template":"","meta":{"inline_featured_image":false},"product_brand":[],"product_cat":[112],"product_tag":[],"class_list":{"0":"post-5306","1":"product","2":"type-product","3":"status-publish","4":"has-post-thumbnail","6":"product_cat-charcuterie-boards","7":"pa_board-material-acacia","8":"pa_board-material-marble","9":"sales-flash-overlay","10":"woocommerce-text-align-left","11":"woocommerce-image-align-center","12":"do-quantity-buttons","13":"wc-has-gallery","15":"first","16":"instock","17":"shipping-taxable","18":"product-type-simple"},"_links":{"self":[{"href":"https:\/\/leeknives.com\/de\/wp-json\/wp\/v2\/product\/5306","targetHints":{"allow":["GET"]}}],"collection":[{"href":"https:\/\/leeknives.com\/de\/wp-json\/wp\/v2\/product"}],"about":[{"href":"https:\/\/leeknives.com\/de\/wp-json\/wp\/v2\/types\/product"}],"wp:featuredmedia":[{"embeddable":true,"href":"https:\/\/leeknives.com\/de\/wp-json\/wp\/v2\/media\/7478"}],"wp:attachment":[{"href":"https:\/\/leeknives.com\/de\/wp-json\/wp\/v2\/media?parent=5306"}],"wp:term":[{"taxonomy":"product_brand","embeddable":true,"href":"https:\/\/leeknives.com\/de\/wp-json\/wp\/v2\/product_brand?post=5306"},{"taxonomy":"product_cat","embeddable":true,"href":"https:\/\/leeknives.com\/de\/wp-json\/wp\/v2\/product_cat?post=5306"},{"taxonomy":"product_tag","embeddable":true,"href":"https:\/\/leeknives.com\/de\/wp-json\/wp\/v2\/product_tag?post=5306"}],"curies":[{"name":"wp","href":"https:\/\/api.w.org\/{rel}","templated":true}]}}