{"id":5309,"date":"2022-08-24T18:55:13","date_gmt":"2022-08-24T10:55:13","guid":{"rendered":"https:\/\/leeknives.com\/?post_type=product&#038;p=5309"},"modified":"2023-12-22T15:10:32","modified_gmt":"2023-12-22T07:10:32","slug":"wurstplatte-lkchb20018","status":"publish","type":"product","link":"https:\/\/leeknives.com\/de\/products\/charcuterie-board-lkchb20018\/","title":{"rendered":"Wurstbrett aus Marmor und Akazie mit Griff und abgerundeten Ecken LKCHB20018"},"content":{"rendered":"","protected":false},"excerpt":{"rendered":"<h3>Highlights<\/h3>\n<p>Griff, Aufh\u00e4ngeloch, abgerundete Ecken<\/p>\n<h3>Hauptmerkmale<\/h3>\n<ul>\n<li>Ein 2-in-1-Servierbrett f\u00fcr Wurstwaren verf\u00fcgt sowohl \u00fcber eine glatte Marmoroberfl\u00e4che als auch \u00fcber klassisches Akazienholz.<\/li>\n<li>Marmor und Akazienholz sind widerstandsf\u00e4hig gegen Wasser, Bakterien und Hitze.<\/li>\n<li>Dank des Griffdesigns und eines Aufh\u00e4ngelochs k\u00f6nnen Sie dieses Wurstbrett nach Gebrauch sicher an der Wand aufh\u00e4ngen.<\/li>\n<\/ul>","protected":false},"featured_media":7480,"template":"","meta":{"inline_featured_image":false},"product_brand":[],"product_cat":[112],"product_tag":[],"class_list":{"0":"post-5309","1":"product","2":"type-product","3":"status-publish","4":"has-post-thumbnail","6":"product_cat-charcuterie-boards","7":"pa_board-material-acacia","8":"pa_board-material-marble","9":"sales-flash-overlay","10":"woocommerce-text-align-left","11":"woocommerce-image-align-center","12":"do-quantity-buttons","14":"first","15":"instock","16":"shipping-taxable","17":"product-type-simple"},"_links":{"self":[{"href":"https:\/\/leeknives.com\/de\/wp-json\/wp\/v2\/product\/5309","targetHints":{"allow":["GET"]}}],"collection":[{"href":"https:\/\/leeknives.com\/de\/wp-json\/wp\/v2\/product"}],"about":[{"href":"https:\/\/leeknives.com\/de\/wp-json\/wp\/v2\/types\/product"}],"wp:featuredmedia":[{"embeddable":true,"href":"https:\/\/leeknives.com\/de\/wp-json\/wp\/v2\/media\/7480"}],"wp:attachment":[{"href":"https:\/\/leeknives.com\/de\/wp-json\/wp\/v2\/media?parent=5309"}],"wp:term":[{"taxonomy":"product_brand","embeddable":true,"href":"https:\/\/leeknives.com\/de\/wp-json\/wp\/v2\/product_brand?post=5309"},{"taxonomy":"product_cat","embeddable":true,"href":"https:\/\/leeknives.com\/de\/wp-json\/wp\/v2\/product_cat?post=5309"},{"taxonomy":"product_tag","embeddable":true,"href":"https:\/\/leeknives.com\/de\/wp-json\/wp\/v2\/product_tag?post=5309"}],"curies":[{"name":"wp","href":"https:\/\/api.w.org\/{rel}","templated":true}]}}