{"id":5312,"date":"2022-08-24T18:58:38","date_gmt":"2022-08-24T10:58:38","guid":{"rendered":"https:\/\/leeknives.com\/?post_type=product&#038;p=5312"},"modified":"2023-12-22T15:10:21","modified_gmt":"2023-12-22T07:10:21","slug":"wurstplatte-lkchb20019","status":"publish","type":"product","link":"https:\/\/leeknives.com\/de\/products\/charcuterie-board-lkchb20019\/","title":{"rendered":"Wurstbrett aus Marmor und Akazie mit Griff und abgerundeten Ecken LKCHB20019"},"content":{"rendered":"","protected":false},"excerpt":{"rendered":"<h3>Highlights<\/h3>\n<p>Griff, Aufh\u00e4ngeloch, abgerundete Ecken<\/p>\n<h3>Hauptmerkmale<\/h3>\n<ul>\n<li>Wurstbrett im modernen Design aus Marmor und Akazienholz. Es eignet sich hervorragend zum Pr\u00e4sentieren von Speisen und bietet gleichzeitig eine hohe Haltbarkeit f\u00fcr den Langzeitgebrauch.<\/li>\n<li>Der herausstehende Marmor bildet einen Griff f\u00fcr einfachen Transport. K\u00f6che k\u00f6nnen das Loch zur problemlosen Aufbewahrung an der Wand nutzen.<\/li>\n<li>Dieses mittelgro\u00dfe Board ist leicht zu transportieren und hat abgerundete Ecken, um die Sicherheit zu gew\u00e4hrleisten.<\/li>\n<\/ul>","protected":false},"featured_media":7481,"template":"","meta":{"inline_featured_image":false},"product_brand":[],"product_cat":[112],"product_tag":[],"class_list":{"0":"post-5312","1":"product","2":"type-product","3":"status-publish","4":"has-post-thumbnail","6":"product_cat-charcuterie-boards","7":"pa_board-material-acacia","8":"pa_board-material-marble","9":"sales-flash-overlay","10":"woocommerce-text-align-left","11":"woocommerce-image-align-center","12":"do-quantity-buttons","13":"wc-has-gallery","15":"first","16":"instock","17":"shipping-taxable","18":"product-type-simple"},"_links":{"self":[{"href":"https:\/\/leeknives.com\/de\/wp-json\/wp\/v2\/product\/5312","targetHints":{"allow":["GET"]}}],"collection":[{"href":"https:\/\/leeknives.com\/de\/wp-json\/wp\/v2\/product"}],"about":[{"href":"https:\/\/leeknives.com\/de\/wp-json\/wp\/v2\/types\/product"}],"wp:featuredmedia":[{"embeddable":true,"href":"https:\/\/leeknives.com\/de\/wp-json\/wp\/v2\/media\/7481"}],"wp:attachment":[{"href":"https:\/\/leeknives.com\/de\/wp-json\/wp\/v2\/media?parent=5312"}],"wp:term":[{"taxonomy":"product_brand","embeddable":true,"href":"https:\/\/leeknives.com\/de\/wp-json\/wp\/v2\/product_brand?post=5312"},{"taxonomy":"product_cat","embeddable":true,"href":"https:\/\/leeknives.com\/de\/wp-json\/wp\/v2\/product_cat?post=5312"},{"taxonomy":"product_tag","embeddable":true,"href":"https:\/\/leeknives.com\/de\/wp-json\/wp\/v2\/product_tag?post=5312"}],"curies":[{"name":"wp","href":"https:\/\/api.w.org\/{rel}","templated":true}]}}