{"id":5608,"date":"2022-08-30T20:06:14","date_gmt":"2022-08-30T12:06:14","guid":{"rendered":"https:\/\/leeknives.com\/?post_type=product&#038;p=5608"},"modified":"2023-12-22T15:10:10","modified_gmt":"2023-12-22T07:10:10","slug":"messerrolle-lkkrb20001","status":"publish","type":"product","link":"https:\/\/leeknives.com\/de\/knife-roll-lkkrb20001\/","title":{"rendered":"Messerrolle aus Oxford-Stoff mit 5 Taschen LKKRB20001"},"content":{"rendered":"","protected":false},"excerpt":{"rendered":"<h3>Hauptmerkmale<\/h3>\n<ul>\n<li>Der f\u00fcr diese Messerrolle verwendete Oxford-Stoff ist dicker als die meisten anderen Stoffe. Er l\u00e4uft bei Wassereinwirkung nicht ein und erfordert wenig bis gar keine Pflege.<\/li>\n<li>F\u00fcnf F\u00e4cher reichen aus, um alle wichtigen K\u00fcchenmesser mitzunehmen: Kochmesser, Sch\u00e4lmesser, Brotmesser, Ausbein- und Filetiermesser.<\/li>\n<li>Das Abdecktuch ist eine aufrollbare Klappe, die als Schutz vor versehentlichen Verletzungen durch scharfe Klingen dient.<\/li>\n<\/ul>","protected":false},"featured_media":7568,"template":"","meta":{"inline_featured_image":false},"product_brand":[],"product_cat":[114],"product_tag":[],"class_list":{"0":"post-5608","1":"product","2":"type-product","3":"status-publish","4":"has-post-thumbnail","6":"product_cat-knife-rolls-bags","7":"pa_material-oxford-cloth","8":"sales-flash-overlay","9":"woocommerce-text-align-left","10":"woocommerce-image-align-center","11":"do-quantity-buttons","12":"wc-has-gallery","14":"first","15":"instock","16":"shipping-taxable","17":"product-type-simple"},"_links":{"self":[{"href":"https:\/\/leeknives.com\/de\/wp-json\/wp\/v2\/product\/5608","targetHints":{"allow":["GET"]}}],"collection":[{"href":"https:\/\/leeknives.com\/de\/wp-json\/wp\/v2\/product"}],"about":[{"href":"https:\/\/leeknives.com\/de\/wp-json\/wp\/v2\/types\/product"}],"wp:featuredmedia":[{"embeddable":true,"href":"https:\/\/leeknives.com\/de\/wp-json\/wp\/v2\/media\/7568"}],"wp:attachment":[{"href":"https:\/\/leeknives.com\/de\/wp-json\/wp\/v2\/media?parent=5608"}],"wp:term":[{"taxonomy":"product_brand","embeddable":true,"href":"https:\/\/leeknives.com\/de\/wp-json\/wp\/v2\/product_brand?post=5608"},{"taxonomy":"product_cat","embeddable":true,"href":"https:\/\/leeknives.com\/de\/wp-json\/wp\/v2\/product_cat?post=5608"},{"taxonomy":"product_tag","embeddable":true,"href":"https:\/\/leeknives.com\/de\/wp-json\/wp\/v2\/product_tag?post=5608"}],"curies":[{"name":"wp","href":"https:\/\/api.w.org\/{rel}","templated":true}]}}