{"id":5614,"date":"2022-08-30T20:09:42","date_gmt":"2022-08-30T12:09:42","guid":{"rendered":"https:\/\/leeknives.com\/?post_type=product&#038;p=5614"},"modified":"2023-12-22T15:10:01","modified_gmt":"2023-12-22T07:10:01","slug":"messerrolle-lkkrb20002","status":"publish","type":"product","link":"https:\/\/leeknives.com\/de\/knife-roll-lkkrb20002\/","title":{"rendered":"5-Taschen-Messerrolle aus Oxford-Stoff LKKRB20002"},"content":{"rendered":"","protected":false},"excerpt":{"rendered":"<h3>Hauptmerkmale<\/h3>\n<ul>\n<li>Diese Messerrolle verf\u00fcgt \u00fcber zwei separate F\u00e4cher zur Aufbewahrung. Zwei Taschen auf einer Seite f\u00fcr gr\u00f6\u00dfere Messer wie Santoku oder Gyuto und drei verbundene Taschen zur Aufbewahrung von Allzweckmessern und Sch\u00e4lmessern.<\/li>\n<li>Hergestellt aus Oxford-Stoff: Wird oft als Freizeitstoff angesehen, knittert nicht so leicht und ist robust genug, um schwere Gegenst\u00e4nde zu tragen.<\/li>\n<li>Mit Klettverschluss gesichert: Eine sicherere und einfachere M\u00f6glichkeit, es ohne Probleme mit sich herumzutragen.<\/li>\n<\/ul>","protected":false},"featured_media":7573,"template":"","meta":{"inline_featured_image":false},"product_brand":[],"product_cat":[114],"product_tag":[],"class_list":{"0":"post-5614","1":"product","2":"type-product","3":"status-publish","4":"has-post-thumbnail","6":"product_cat-knife-rolls-bags","7":"pa_material-oxford-cloth","8":"sales-flash-overlay","9":"woocommerce-text-align-left","10":"woocommerce-image-align-center","11":"do-quantity-buttons","12":"wc-has-gallery","14":"first","15":"instock","16":"shipping-taxable","17":"product-type-simple"},"_links":{"self":[{"href":"https:\/\/leeknives.com\/de\/wp-json\/wp\/v2\/product\/5614","targetHints":{"allow":["GET"]}}],"collection":[{"href":"https:\/\/leeknives.com\/de\/wp-json\/wp\/v2\/product"}],"about":[{"href":"https:\/\/leeknives.com\/de\/wp-json\/wp\/v2\/types\/product"}],"wp:featuredmedia":[{"embeddable":true,"href":"https:\/\/leeknives.com\/de\/wp-json\/wp\/v2\/media\/7573"}],"wp:attachment":[{"href":"https:\/\/leeknives.com\/de\/wp-json\/wp\/v2\/media?parent=5614"}],"wp:term":[{"taxonomy":"product_brand","embeddable":true,"href":"https:\/\/leeknives.com\/de\/wp-json\/wp\/v2\/product_brand?post=5614"},{"taxonomy":"product_cat","embeddable":true,"href":"https:\/\/leeknives.com\/de\/wp-json\/wp\/v2\/product_cat?post=5614"},{"taxonomy":"product_tag","embeddable":true,"href":"https:\/\/leeknives.com\/de\/wp-json\/wp\/v2\/product_tag?post=5614"}],"curies":[{"name":"wp","href":"https:\/\/api.w.org\/{rel}","templated":true}]}}