{"id":5625,"date":"2022-08-30T20:16:31","date_gmt":"2022-08-30T12:16:31","guid":{"rendered":"https:\/\/leeknives.com\/?post_type=product&#038;p=5625"},"modified":"2023-12-22T15:09:39","modified_gmt":"2023-12-22T07:09:39","slug":"messerrolle-lkkrb20004","status":"publish","type":"product","link":"https:\/\/leeknives.com\/de\/knife-roll-lkkrb20004\/","title":{"rendered":"Messerrolle aus Kunstleder mit 2 Taschen LKKRB20004"},"content":{"rendered":"","protected":false},"excerpt":{"rendered":"<h3>Hauptmerkmale<\/h3>\n<ul>\n<li>Hergestellt aus nachhaltigem Kunstleder. Eine umweltfreundliche Alternative zu echtem Leder, die gleichzeitig die gl\u00e4nzende Farbe und die einzigartige Textur beibeh\u00e4lt.<\/li>\n<li>Packen Sie leicht und nehmen Sie zwei unverzichtbare Messer f\u00fcr alle Outdoor-Eins\u00e4tze mit. Diese Messerrolle ist in drei Gr\u00f6\u00dfen von 14 bis 17 Zoll erh\u00e4ltlich und eignet sich ideal f\u00fcr die meisten Arten von K\u00fcchenmessern.<\/li>\n<li>Extra gesichert durch integrierte Schnallen und Schn\u00fcrung, um ein Herausfallen der Messer zu verhindern.<\/li>\n<\/ul>","protected":false},"featured_media":7581,"template":"","meta":{"inline_featured_image":false},"product_brand":[],"product_cat":[114],"product_tag":[],"class_list":{"0":"post-5625","1":"product","2":"type-product","3":"status-publish","4":"has-post-thumbnail","6":"product_cat-knife-rolls-bags","7":"pa_material-faux-leather","8":"sales-flash-overlay","9":"woocommerce-text-align-left","10":"woocommerce-image-align-center","11":"do-quantity-buttons","12":"wc-has-gallery","14":"first","15":"instock","16":"shipping-taxable","17":"product-type-simple"},"_links":{"self":[{"href":"https:\/\/leeknives.com\/de\/wp-json\/wp\/v2\/product\/5625","targetHints":{"allow":["GET"]}}],"collection":[{"href":"https:\/\/leeknives.com\/de\/wp-json\/wp\/v2\/product"}],"about":[{"href":"https:\/\/leeknives.com\/de\/wp-json\/wp\/v2\/types\/product"}],"wp:featuredmedia":[{"embeddable":true,"href":"https:\/\/leeknives.com\/de\/wp-json\/wp\/v2\/media\/7581"}],"wp:attachment":[{"href":"https:\/\/leeknives.com\/de\/wp-json\/wp\/v2\/media?parent=5625"}],"wp:term":[{"taxonomy":"product_brand","embeddable":true,"href":"https:\/\/leeknives.com\/de\/wp-json\/wp\/v2\/product_brand?post=5625"},{"taxonomy":"product_cat","embeddable":true,"href":"https:\/\/leeknives.com\/de\/wp-json\/wp\/v2\/product_cat?post=5625"},{"taxonomy":"product_tag","embeddable":true,"href":"https:\/\/leeknives.com\/de\/wp-json\/wp\/v2\/product_tag?post=5625"}],"curies":[{"name":"wp","href":"https:\/\/api.w.org\/{rel}","templated":true}]}}