{"id":5632,"date":"2022-08-30T20:20:57","date_gmt":"2022-08-30T12:20:57","guid":{"rendered":"https:\/\/leeknives.com\/?post_type=product&#038;p=5632"},"modified":"2023-12-22T15:09:28","modified_gmt":"2023-12-22T07:09:28","slug":"messertasche-lkkrb20005","status":"publish","type":"product","link":"https:\/\/leeknives.com\/de\/knife-bag-lkkrb20005\/","title":{"rendered":"Messertasche aus PU-Leder mit 10 Taschen LKKRB20005"},"content":{"rendered":"","protected":false},"excerpt":{"rendered":"<h3>Hauptmerkmale<\/h3>\n<ul>\n<li>Ein Kunstwerk voller Perfektion: Von der Stickerei an den Ecken bis hin zur Zusammenstellung des Taschenfutters. Das Design zeugt von Hingabe.<\/li>\n<li>Ein traumhafter Outdoor-Beh\u00e4lter f\u00fcr K\u00f6che und Kochbegeisterte. In diese Messertasche passen im Handumdrehen Ihre wichtigsten K\u00fcchenmesser sowie zus\u00e4tzliches Besteck.<\/li>\n<li>Das PU-Leder in Vintage-Farbe verleiht einen edlen Stil und bietet gleichzeitig St\u00e4rke und Haltbarkeit f\u00fcr lange Nutzungsdauer.<\/li>\n<\/ul>","protected":false},"featured_media":7585,"template":"","meta":{"inline_featured_image":false},"product_brand":[],"product_cat":[114],"product_tag":[],"class_list":{"0":"post-5632","1":"product","2":"type-product","3":"status-publish","4":"has-post-thumbnail","6":"product_cat-knife-rolls-bags","7":"pa_material-pu-leather","8":"sales-flash-overlay","9":"woocommerce-text-align-left","10":"woocommerce-image-align-center","11":"do-quantity-buttons","12":"wc-has-gallery","14":"first","15":"instock","16":"shipping-taxable","17":"product-type-simple"},"_links":{"self":[{"href":"https:\/\/leeknives.com\/de\/wp-json\/wp\/v2\/product\/5632","targetHints":{"allow":["GET"]}}],"collection":[{"href":"https:\/\/leeknives.com\/de\/wp-json\/wp\/v2\/product"}],"about":[{"href":"https:\/\/leeknives.com\/de\/wp-json\/wp\/v2\/types\/product"}],"wp:featuredmedia":[{"embeddable":true,"href":"https:\/\/leeknives.com\/de\/wp-json\/wp\/v2\/media\/7585"}],"wp:attachment":[{"href":"https:\/\/leeknives.com\/de\/wp-json\/wp\/v2\/media?parent=5632"}],"wp:term":[{"taxonomy":"product_brand","embeddable":true,"href":"https:\/\/leeknives.com\/de\/wp-json\/wp\/v2\/product_brand?post=5632"},{"taxonomy":"product_cat","embeddable":true,"href":"https:\/\/leeknives.com\/de\/wp-json\/wp\/v2\/product_cat?post=5632"},{"taxonomy":"product_tag","embeddable":true,"href":"https:\/\/leeknives.com\/de\/wp-json\/wp\/v2\/product_tag?post=5632"}],"curies":[{"name":"wp","href":"https:\/\/api.w.org\/{rel}","templated":true}]}}