{"id":5637,"date":"2022-08-30T20:25:04","date_gmt":"2022-08-30T12:25:04","guid":{"rendered":"https:\/\/leeknives.com\/?post_type=product&#038;p=5637"},"modified":"2023-12-22T15:09:11","modified_gmt":"2023-12-22T07:09:11","slug":"messertasche-lkkrb20006","status":"publish","type":"product","link":"https:\/\/leeknives.com\/de\/products\/knife-bag-lkkrb20006\/","title":{"rendered":"8-Taschen-Messertasche aus PU-Leder LKKRB20006"},"content":{"rendered":"","protected":false},"excerpt":{"rendered":"<h3>Hauptmerkmale<\/h3>\n<ul>\n<li>Fachm\u00e4nnisch verarbeitetes PU-Leder f\u00fcr h\u00f6chste Haltbarkeit und Widerstandsf\u00e4higkeit. Leicht zu reinigen und trocknet mit der Zeit nicht aus.<\/li>\n<li>Vom Kochmesser \u00fcber das Sch\u00e4lmesser bis hin zum Wetzstahl k\u00f6nnen Sie das gesamte K\u00fcchenset in den 8 separaten F\u00e4chern ganz einfach organisieren.<\/li>\n<li>PU-Leder und Canvas sind beides robuste Materialien, die Kratzern und Wassersch\u00e4den wie kein anderes standhalten.<\/li>\n<\/ul>","protected":false},"featured_media":7588,"template":"","meta":{"inline_featured_image":false},"product_brand":[],"product_cat":[114],"product_tag":[],"class_list":{"0":"post-5637","1":"product","2":"type-product","3":"status-publish","4":"has-post-thumbnail","6":"product_cat-knife-rolls-bags","7":"pa_material-canvas","8":"pa_material-pu-leather","9":"sales-flash-overlay","10":"woocommerce-text-align-left","11":"woocommerce-image-align-center","12":"do-quantity-buttons","13":"wc-has-gallery","15":"first","16":"instock","17":"shipping-taxable","18":"product-type-simple"},"_links":{"self":[{"href":"https:\/\/leeknives.com\/de\/wp-json\/wp\/v2\/product\/5637","targetHints":{"allow":["GET"]}}],"collection":[{"href":"https:\/\/leeknives.com\/de\/wp-json\/wp\/v2\/product"}],"about":[{"href":"https:\/\/leeknives.com\/de\/wp-json\/wp\/v2\/types\/product"}],"wp:featuredmedia":[{"embeddable":true,"href":"https:\/\/leeknives.com\/de\/wp-json\/wp\/v2\/media\/7588"}],"wp:attachment":[{"href":"https:\/\/leeknives.com\/de\/wp-json\/wp\/v2\/media?parent=5637"}],"wp:term":[{"taxonomy":"product_brand","embeddable":true,"href":"https:\/\/leeknives.com\/de\/wp-json\/wp\/v2\/product_brand?post=5637"},{"taxonomy":"product_cat","embeddable":true,"href":"https:\/\/leeknives.com\/de\/wp-json\/wp\/v2\/product_cat?post=5637"},{"taxonomy":"product_tag","embeddable":true,"href":"https:\/\/leeknives.com\/de\/wp-json\/wp\/v2\/product_tag?post=5637"}],"curies":[{"name":"wp","href":"https:\/\/api.w.org\/{rel}","templated":true}]}}