{"id":5648,"date":"2022-08-31T11:54:44","date_gmt":"2022-08-31T03:54:44","guid":{"rendered":"https:\/\/leeknives.com\/?post_type=product&#038;p=5648"},"modified":"2023-12-22T15:09:00","modified_gmt":"2023-12-22T07:09:00","slug":"messerscheide-lkksh20001","status":"publish","type":"product","link":"https:\/\/leeknives.com\/de\/knife-sheath-lkksh20001\/","title":{"rendered":"Benutzerdefinierte vertikale Tragetasche Ausbeinmesser PU-Lederscheide mit G\u00fcrtelschlaufe LKKSH20001"},"content":{"rendered":"","protected":false},"excerpt":{"rendered":"<p>Ma\u00dfe, Farbe, Material und Stil der Scheide k\u00f6nnen auf Anfrage individuell angepasst werden.<\/p>\n<h3>Hauptmerkmale<\/h3>\n<ul>\n<li>Idealer Aufbewahrungsort f\u00fcr Ausbeinmesser mit Klingenl\u00e4ngen bis zu 9 Zoll. Die Scheide hat ein schlichtes, aber eindrucksvolles Design, das nat\u00fcrlichen Glanz hervorruft.<\/li>\n<li>Schonen Sie Ihre H\u00e4nde und tragen Sie diese Scheide vertikal am G\u00fcrtel. Dank der integrierten G\u00fcrtelschlaufe an der Seite der Scheide k\u00f6nnen Sie Ihre bew\u00e4hrten Messer \u00fcberallhin mitnehmen.<\/li>\n<li>Auch f\u00fcr diese Scheide gilt der von uns angebotene OEM-Service. Design, Gr\u00f6\u00dfe, Farbe und sogar das Ledermaterial k\u00f6nnen Sie nach Belieben \u00e4ndern.<\/li>\n<\/ul>","protected":false},"featured_media":7641,"template":"","meta":{"inline_featured_image":false},"product_brand":[],"product_cat":[86],"product_tag":[],"class_list":{"0":"post-5648","1":"product","2":"type-product","3":"status-publish","4":"has-post-thumbnail","6":"product_cat-knife-sheaths","7":"pa_material-pu-leather","8":"sales-flash-overlay","9":"woocommerce-text-align-left","10":"woocommerce-image-align-center","11":"do-quantity-buttons","13":"first","14":"instock","15":"shipping-taxable","16":"product-type-simple"},"_links":{"self":[{"href":"https:\/\/leeknives.com\/de\/wp-json\/wp\/v2\/product\/5648","targetHints":{"allow":["GET"]}}],"collection":[{"href":"https:\/\/leeknives.com\/de\/wp-json\/wp\/v2\/product"}],"about":[{"href":"https:\/\/leeknives.com\/de\/wp-json\/wp\/v2\/types\/product"}],"wp:featuredmedia":[{"embeddable":true,"href":"https:\/\/leeknives.com\/de\/wp-json\/wp\/v2\/media\/7641"}],"wp:attachment":[{"href":"https:\/\/leeknives.com\/de\/wp-json\/wp\/v2\/media?parent=5648"}],"wp:term":[{"taxonomy":"product_brand","embeddable":true,"href":"https:\/\/leeknives.com\/de\/wp-json\/wp\/v2\/product_brand?post=5648"},{"taxonomy":"product_cat","embeddable":true,"href":"https:\/\/leeknives.com\/de\/wp-json\/wp\/v2\/product_cat?post=5648"},{"taxonomy":"product_tag","embeddable":true,"href":"https:\/\/leeknives.com\/de\/wp-json\/wp\/v2\/product_tag?post=5648"}],"curies":[{"name":"wp","href":"https:\/\/api.w.org\/{rel}","templated":true}]}}