{"id":5654,"date":"2022-08-31T13:28:54","date_gmt":"2022-08-31T05:28:54","guid":{"rendered":"https:\/\/leeknives.com\/?post_type=product&#038;p=5654"},"modified":"2023-12-22T15:08:10","modified_gmt":"2023-12-22T07:08:10","slug":"messerscheide-lkksh20004","status":"publish","type":"product","link":"https:\/\/leeknives.com\/de\/products\/knife-sheath-lkksh20004\/","title":{"rendered":"Benutzerdefinierte vertikale Tragetasche f\u00fcr Fleischermesser, PU-Lederscheide mit G\u00fcrtelschlaufe LKKSH20004"},"content":{"rendered":"","protected":false},"excerpt":{"rendered":"<p>Ma\u00dfe, Farbe, Material und Stil der Scheide k\u00f6nnen auf Anfrage individuell angepasst werden.<\/p>\n<h3>Hauptmerkmale<\/h3>\n<ul>\n<li>Eine klassische, speziell angefertigte Scheide f\u00fcr Fleischermesser aus PU-Leder. Obwohl es synthetisch ist, ist PU-Leder ein robustes Material f\u00fcr den t\u00e4glichen Gebrauch, das sich nicht so leicht verformt.<\/li>\n<li>Mit Schnallenriemen und G\u00fcrtelschlaufe. Dies sind zuverl\u00e4ssige Designs, die verhindern, dass Messer auch beim Laufen oder Klettern herunterfallen.<\/li>\n<li>Obwohl die Scheide urspr\u00fcnglich f\u00fcr mittelgro\u00dfe Fleischermesser konzipiert wurde, kann sie individuell an Ihre Bed\u00fcrfnisse angepasst werden. Wir k\u00f6nnen ihr eine nachgiebigere Form verleihen, Aufs\u00e4tze hinzuf\u00fcgen oder sogar das Material komplett austauschen.<\/li>\n<\/ul>","protected":false},"featured_media":7644,"template":"","meta":{"inline_featured_image":false},"product_brand":[],"product_cat":[86],"product_tag":[],"class_list":{"0":"post-5654","1":"product","2":"type-product","3":"status-publish","4":"has-post-thumbnail","6":"product_cat-knife-sheaths","7":"pa_material-pu-leather","8":"sales-flash-overlay","9":"woocommerce-text-align-left","10":"woocommerce-image-align-center","11":"do-quantity-buttons","13":"first","14":"instock","15":"shipping-taxable","16":"product-type-simple"},"_links":{"self":[{"href":"https:\/\/leeknives.com\/de\/wp-json\/wp\/v2\/product\/5654","targetHints":{"allow":["GET"]}}],"collection":[{"href":"https:\/\/leeknives.com\/de\/wp-json\/wp\/v2\/product"}],"about":[{"href":"https:\/\/leeknives.com\/de\/wp-json\/wp\/v2\/types\/product"}],"wp:featuredmedia":[{"embeddable":true,"href":"https:\/\/leeknives.com\/de\/wp-json\/wp\/v2\/media\/7644"}],"wp:attachment":[{"href":"https:\/\/leeknives.com\/de\/wp-json\/wp\/v2\/media?parent=5654"}],"wp:term":[{"taxonomy":"product_brand","embeddable":true,"href":"https:\/\/leeknives.com\/de\/wp-json\/wp\/v2\/product_brand?post=5654"},{"taxonomy":"product_cat","embeddable":true,"href":"https:\/\/leeknives.com\/de\/wp-json\/wp\/v2\/product_cat?post=5654"},{"taxonomy":"product_tag","embeddable":true,"href":"https:\/\/leeknives.com\/de\/wp-json\/wp\/v2\/product_tag?post=5654"}],"curies":[{"name":"wp","href":"https:\/\/api.w.org\/{rel}","templated":true}]}}