{"id":5656,"date":"2022-08-31T13:35:59","date_gmt":"2022-08-31T05:35:59","guid":{"rendered":"https:\/\/leeknives.com\/?post_type=product&#038;p=5656"},"modified":"2023-12-22T15:07:57","modified_gmt":"2023-12-22T07:07:57","slug":"messerscheide-lkksh20005","status":"publish","type":"product","link":"https:\/\/leeknives.com\/de\/products\/knife-sheath-lkksh20005\/","title":{"rendered":"Benutzerdefinierte vertikale Tragetasche Buthcer Messer PU-Lederscheide mit G\u00fcrtelschlaufe LKKSH20005"},"content":{"rendered":"","protected":false},"excerpt":{"rendered":"<p>Ma\u00dfe, Farbe, Material und Stil der Scheide k\u00f6nnen auf Anfrage individuell angepasst werden.<\/p>\n<h3>Hauptmerkmale<\/h3>\n<ul>\n<li>Sie bestehen aus PU-Leder, sind widerstandsf\u00e4hig gegen Verformung und Verf\u00e4rbung und bieten gleichzeitig eine angenehme Textur, was sie zur besten Alternative zu echtem Leder macht.<\/li>\n<li>Die Scheide ist ca. 23 cm lang und 7,5 cm breit. Die Form ist auf Fleischermesser zugeschnitten. Es handelt sich um eine relativ kleine Scheide, die speziell f\u00fcr bestimmte Zwecke angefertigt wurde und ihre geb\u00fchrende Sorgfalt erfordert.<\/li>\n<li>Das vertikale Tragen an der G\u00fcrtelschlaufe ist die beste Methode, diese Scheide zu handhaben.<\/li>\n<\/ul>","protected":false},"featured_media":7645,"template":"","meta":{"inline_featured_image":false},"product_brand":[],"product_cat":[86],"product_tag":[],"class_list":{"0":"post-5656","1":"product","2":"type-product","3":"status-publish","4":"has-post-thumbnail","6":"product_cat-knife-sheaths","7":"pa_material-pu-leather","8":"sales-flash-overlay","9":"woocommerce-text-align-left","10":"woocommerce-image-align-center","11":"do-quantity-buttons","13":"first","14":"instock","15":"shipping-taxable","16":"product-type-simple"},"_links":{"self":[{"href":"https:\/\/leeknives.com\/de\/wp-json\/wp\/v2\/product\/5656","targetHints":{"allow":["GET"]}}],"collection":[{"href":"https:\/\/leeknives.com\/de\/wp-json\/wp\/v2\/product"}],"about":[{"href":"https:\/\/leeknives.com\/de\/wp-json\/wp\/v2\/types\/product"}],"wp:featuredmedia":[{"embeddable":true,"href":"https:\/\/leeknives.com\/de\/wp-json\/wp\/v2\/media\/7645"}],"wp:attachment":[{"href":"https:\/\/leeknives.com\/de\/wp-json\/wp\/v2\/media?parent=5656"}],"wp:term":[{"taxonomy":"product_brand","embeddable":true,"href":"https:\/\/leeknives.com\/de\/wp-json\/wp\/v2\/product_brand?post=5656"},{"taxonomy":"product_cat","embeddable":true,"href":"https:\/\/leeknives.com\/de\/wp-json\/wp\/v2\/product_cat?post=5656"},{"taxonomy":"product_tag","embeddable":true,"href":"https:\/\/leeknives.com\/de\/wp-json\/wp\/v2\/product_tag?post=5656"}],"curies":[{"name":"wp","href":"https:\/\/api.w.org\/{rel}","templated":true}]}}