{"id":5658,"date":"2022-08-31T13:50:40","date_gmt":"2022-08-31T05:50:40","guid":{"rendered":"https:\/\/leeknives.com\/?post_type=product&#038;p=5658"},"modified":"2023-12-22T15:07:42","modified_gmt":"2023-12-22T07:07:42","slug":"messerscheide-lkksh20006","status":"publish","type":"product","link":"https:\/\/leeknives.com\/de\/knife-sheath-lkksh20006\/","title":{"rendered":"Benutzerdefinierte vertikale Tragescheide aus Spaltleder mit fester Klinge und G\u00fcrtelschlaufe LKKSH20006"},"content":{"rendered":"","protected":false},"excerpt":{"rendered":"<p>Ma\u00dfe, Farbe, Material und Stil der Scheide k\u00f6nnen auf Anfrage individuell angepasst werden.<\/p>\n<h3>Hauptmerkmale<\/h3>\n<ul>\n<li>Eine Mini-Lederscheide mit einer L\u00e4nge von etwa 7 Zoll. Die Scheide aus Spaltleder ist beeindruckend widerstandsf\u00e4hig gegen l\u00e4ngeren Gebrauch und \u00e4u\u00dfere Besch\u00e4digungen.<\/li>\n<li>Die tragbare Gr\u00f6\u00dfe ist ideal f\u00fcr Taschenmesser. Wenn Sie es vertikal an einer G\u00fcrtelschlaufe tragen, werden Sie kaum etwas sp\u00fcren.<\/li>\n<li>Die Scheide ist seitlich sorgf\u00e4ltig mit exzellenten N\u00e4hten versiegelt. Der Verschluss erfolgt durch einen Schnallenriemen, der f\u00fcr Sicherheit sorgt.<\/li>\n<\/ul>","protected":false},"featured_media":7646,"template":"","meta":{"inline_featured_image":false},"product_brand":[],"product_cat":[86],"product_tag":[],"class_list":{"0":"post-5658","1":"product","2":"type-product","3":"status-publish","4":"has-post-thumbnail","6":"product_cat-knife-sheaths","7":"pa_material-split-leather","8":"sales-flash-overlay","9":"woocommerce-text-align-left","10":"woocommerce-image-align-center","11":"do-quantity-buttons","12":"wc-has-gallery","14":"first","15":"instock","16":"shipping-taxable","17":"product-type-simple"},"_links":{"self":[{"href":"https:\/\/leeknives.com\/de\/wp-json\/wp\/v2\/product\/5658","targetHints":{"allow":["GET"]}}],"collection":[{"href":"https:\/\/leeknives.com\/de\/wp-json\/wp\/v2\/product"}],"about":[{"href":"https:\/\/leeknives.com\/de\/wp-json\/wp\/v2\/types\/product"}],"wp:featuredmedia":[{"embeddable":true,"href":"https:\/\/leeknives.com\/de\/wp-json\/wp\/v2\/media\/7646"}],"wp:attachment":[{"href":"https:\/\/leeknives.com\/de\/wp-json\/wp\/v2\/media?parent=5658"}],"wp:term":[{"taxonomy":"product_brand","embeddable":true,"href":"https:\/\/leeknives.com\/de\/wp-json\/wp\/v2\/product_brand?post=5658"},{"taxonomy":"product_cat","embeddable":true,"href":"https:\/\/leeknives.com\/de\/wp-json\/wp\/v2\/product_cat?post=5658"},{"taxonomy":"product_tag","embeddable":true,"href":"https:\/\/leeknives.com\/de\/wp-json\/wp\/v2\/product_tag?post=5658"}],"curies":[{"name":"wp","href":"https:\/\/api.w.org\/{rel}","templated":true}]}}