{"id":5663,"date":"2022-08-31T13:53:08","date_gmt":"2022-08-31T05:53:08","guid":{"rendered":"https:\/\/leeknives.com\/?post_type=product&#038;p=5663"},"modified":"2023-12-22T15:07:29","modified_gmt":"2023-12-22T07:07:29","slug":"messerscheide-lkksh20007","status":"publish","type":"product","link":"https:\/\/leeknives.com\/de\/products\/knife-sheath-lkksh20007\/","title":{"rendered":"Benutzerdefinierte vertikale Tragescheide aus Spaltleder mit fester Klinge und G\u00fcrtelschlaufe LKKSH20007"},"content":{"rendered":"","protected":false},"excerpt":{"rendered":"<p>Ma\u00dfe, Farbe, Material und Stil der Scheide k\u00f6nnen auf Anfrage individuell angepasst werden.<\/p>\n<h3>Hauptmerkmale<\/h3>\n<ul>\n<li>Authentische Messerscheide aus Spaltleder. Es handelt sich um eine begehrte Wahl aus echtem Leder mit ausreichender Haltbarkeit zu einem fairen Preis.<\/li>\n<li>Die Scheide ist eine gute Wahl f\u00fcr mittelgro\u00dfe Kochmesser, Allzweck- oder Sch\u00e4lmesser. Kontaktieren Sie uns, um die Gesamtgr\u00f6\u00dfe entsprechend Ihren spezifischen Anforderungen zu verkleinern oder zu vergr\u00f6\u00dfern.<\/li>\n<li>Die Scheide verf\u00fcgt auf der R\u00fcckseite unter der Schnalle \u00fcber eine G\u00fcrtelschlaufe. Nutzen Sie diese und tragen Sie die Scheide bei Outdoor-Aktivit\u00e4ten bequem vertikal.<\/li>\n<\/ul>","protected":false},"featured_media":7648,"template":"","meta":{"inline_featured_image":false},"product_brand":[],"product_cat":[86],"product_tag":[],"class_list":{"0":"post-5663","1":"product","2":"type-product","3":"status-publish","4":"has-post-thumbnail","6":"product_cat-knife-sheaths","7":"pa_material-split-leather","8":"sales-flash-overlay","9":"woocommerce-text-align-left","10":"woocommerce-image-align-center","11":"do-quantity-buttons","13":"first","14":"instock","15":"shipping-taxable","16":"product-type-simple"},"_links":{"self":[{"href":"https:\/\/leeknives.com\/de\/wp-json\/wp\/v2\/product\/5663","targetHints":{"allow":["GET"]}}],"collection":[{"href":"https:\/\/leeknives.com\/de\/wp-json\/wp\/v2\/product"}],"about":[{"href":"https:\/\/leeknives.com\/de\/wp-json\/wp\/v2\/types\/product"}],"wp:featuredmedia":[{"embeddable":true,"href":"https:\/\/leeknives.com\/de\/wp-json\/wp\/v2\/media\/7648"}],"wp:attachment":[{"href":"https:\/\/leeknives.com\/de\/wp-json\/wp\/v2\/media?parent=5663"}],"wp:term":[{"taxonomy":"product_brand","embeddable":true,"href":"https:\/\/leeknives.com\/de\/wp-json\/wp\/v2\/product_brand?post=5663"},{"taxonomy":"product_cat","embeddable":true,"href":"https:\/\/leeknives.com\/de\/wp-json\/wp\/v2\/product_cat?post=5663"},{"taxonomy":"product_tag","embeddable":true,"href":"https:\/\/leeknives.com\/de\/wp-json\/wp\/v2\/product_tag?post=5663"}],"curies":[{"name":"wp","href":"https:\/\/api.w.org\/{rel}","templated":true}]}}