{"id":5666,"date":"2022-08-31T13:59:00","date_gmt":"2022-08-31T05:59:00","guid":{"rendered":"https:\/\/leeknives.com\/?post_type=product&#038;p=5666"},"modified":"2023-12-22T15:07:20","modified_gmt":"2023-12-22T07:07:20","slug":"messerscheide-lkksh20008","status":"publish","type":"product","link":"https:\/\/leeknives.com\/de\/knife-sheath-lkksh20008\/","title":{"rendered":"Benutzerdefinierte vertikale Tragetasche f\u00fcr Ausbeinmesser, Top-Grain-Lederscheide mit G\u00fcrtelschlaufe LKKSH20008"},"content":{"rendered":"","protected":false},"excerpt":{"rendered":"<p>Ma\u00dfe, Farbe, Material und Stil der Scheide k\u00f6nnen auf Anfrage individuell angepasst werden.<\/p>\n<h3>Hauptmerkmale<\/h3>\n<ul>\n<li>Dieses Messerscheiden-Trio besteht aus hochwertigem Leder. Erh\u00e4ltlich in drei verschiedenen Gr\u00f6\u00dfen von 9 bis 17 Zoll. Verwenden Sie die kleine Scheide f\u00fcr Sch\u00e4l- oder Taschenmesser, die mittlere f\u00fcr Filetiermesser und die gr\u00f6\u00dfte f\u00fcr lange, schmale Ausbeinmesser.<\/li>\n<li>Die kompakte Narbenstruktur verr\u00e4t die Dichte des Narbenleders und seine Widerstandsf\u00e4higkeit gegen Besch\u00e4digungen.<\/li>\n<li>Alle drei Teile sind mit einer G\u00fcrtelschlaufe befestigt, die ein problemloses vertikales Tragen erm\u00f6glicht.<\/li>\n<\/ul>","protected":false},"featured_media":7651,"template":"","meta":{"inline_featured_image":false},"product_brand":[],"product_cat":[86],"product_tag":[],"class_list":{"0":"post-5666","1":"product","2":"type-product","3":"status-publish","4":"has-post-thumbnail","6":"product_cat-knife-sheaths","7":"pa_material-top-grain-leather","8":"sales-flash-overlay","9":"woocommerce-text-align-left","10":"woocommerce-image-align-center","11":"do-quantity-buttons","12":"wc-has-gallery","14":"first","15":"instock","16":"shipping-taxable","17":"product-type-simple"},"_links":{"self":[{"href":"https:\/\/leeknives.com\/de\/wp-json\/wp\/v2\/product\/5666","targetHints":{"allow":["GET"]}}],"collection":[{"href":"https:\/\/leeknives.com\/de\/wp-json\/wp\/v2\/product"}],"about":[{"href":"https:\/\/leeknives.com\/de\/wp-json\/wp\/v2\/types\/product"}],"wp:featuredmedia":[{"embeddable":true,"href":"https:\/\/leeknives.com\/de\/wp-json\/wp\/v2\/media\/7651"}],"wp:attachment":[{"href":"https:\/\/leeknives.com\/de\/wp-json\/wp\/v2\/media?parent=5666"}],"wp:term":[{"taxonomy":"product_brand","embeddable":true,"href":"https:\/\/leeknives.com\/de\/wp-json\/wp\/v2\/product_brand?post=5666"},{"taxonomy":"product_cat","embeddable":true,"href":"https:\/\/leeknives.com\/de\/wp-json\/wp\/v2\/product_cat?post=5666"},{"taxonomy":"product_tag","embeddable":true,"href":"https:\/\/leeknives.com\/de\/wp-json\/wp\/v2\/product_tag?post=5666"}],"curies":[{"name":"wp","href":"https:\/\/api.w.org\/{rel}","templated":true}]}}