{"id":5671,"date":"2022-08-31T14:09:22","date_gmt":"2022-08-31T06:09:22","guid":{"rendered":"https:\/\/leeknives.com\/?post_type=product&#038;p=5671"},"modified":"2023-12-22T15:07:09","modified_gmt":"2023-12-22T07:07:09","slug":"messerscheide-lkksh20009","status":"publish","type":"product","link":"https:\/\/leeknives.com\/de\/products\/knife-sheath-lkksh20009\/","title":{"rendered":"Ma\u00dfgefertigte Doppel-Tragescheide aus Top-Grain-Leder mit feststehender Klinge und G\u00fcrtelschlaufe LKKSH20009"},"content":{"rendered":"","protected":false},"excerpt":{"rendered":"<p>Ma\u00dfe, Farbe, Material und Stil der Scheide k\u00f6nnen auf Anfrage individuell angepasst werden.<\/p>\n<h3>Hauptmerkmale<\/h3>\n<ul>\n<li>Ma\u00dfgefertigt aus hochwertigem Narbenleder. Die Oberfl\u00e4che der Scheide besticht durch ihre edlen Reflexe und ihre glatte, gleichm\u00e4\u00dfige Textur. Narbenleder ist zudem widerstandsf\u00e4hig gegen \u00e4u\u00dfere Einfl\u00fcsse und h\u00e4lt sich gut.<\/li>\n<li>Die Scheide eignet sich zur Aufbewahrung von taktischen Messern, Kampfmessern und anderen praktischen Taschenmessern.<\/li>\n<li>Die Scheide erm\u00f6glicht das Tragen sowohl vertikal als auch horizontal. Sie l\u00e4sst sich einfach mithilfe der um die Scheide geschnallten G\u00fcrtelschlaufe befestigen.<\/li>\n<\/ul>","protected":false},"featured_media":7652,"template":"","meta":{"inline_featured_image":false},"product_brand":[],"product_cat":[86],"product_tag":[],"class_list":{"0":"post-5671","1":"product","2":"type-product","3":"status-publish","4":"has-post-thumbnail","6":"product_cat-knife-sheaths","7":"pa_material-top-grain-leather","8":"sales-flash-overlay","9":"woocommerce-text-align-left","10":"woocommerce-image-align-center","11":"do-quantity-buttons","12":"wc-has-gallery","14":"first","15":"instock","16":"shipping-taxable","17":"product-type-simple"},"_links":{"self":[{"href":"https:\/\/leeknives.com\/de\/wp-json\/wp\/v2\/product\/5671","targetHints":{"allow":["GET"]}}],"collection":[{"href":"https:\/\/leeknives.com\/de\/wp-json\/wp\/v2\/product"}],"about":[{"href":"https:\/\/leeknives.com\/de\/wp-json\/wp\/v2\/types\/product"}],"wp:featuredmedia":[{"embeddable":true,"href":"https:\/\/leeknives.com\/de\/wp-json\/wp\/v2\/media\/7652"}],"wp:attachment":[{"href":"https:\/\/leeknives.com\/de\/wp-json\/wp\/v2\/media?parent=5671"}],"wp:term":[{"taxonomy":"product_brand","embeddable":true,"href":"https:\/\/leeknives.com\/de\/wp-json\/wp\/v2\/product_brand?post=5671"},{"taxonomy":"product_cat","embeddable":true,"href":"https:\/\/leeknives.com\/de\/wp-json\/wp\/v2\/product_cat?post=5671"},{"taxonomy":"product_tag","embeddable":true,"href":"https:\/\/leeknives.com\/de\/wp-json\/wp\/v2\/product_tag?post=5671"}],"curies":[{"name":"wp","href":"https:\/\/api.w.org\/{rel}","templated":true}]}}