{"id":5677,"date":"2022-08-31T14:14:15","date_gmt":"2022-08-31T06:14:15","guid":{"rendered":"https:\/\/leeknives.com\/?post_type=product&#038;p=5677"},"modified":"2023-12-22T15:06:58","modified_gmt":"2023-12-22T07:06:58","slug":"messerscheide-lkksh20010","status":"publish","type":"product","link":"https:\/\/leeknives.com\/de\/products\/knife-sheath-lkksh20010\/","title":{"rendered":"Benutzerdefinierte vertikale Tragescheide aus feststehendem Top-Grain-Leder mit G\u00fcrtelschlaufe LKKSH20010"},"content":{"rendered":"","protected":false},"excerpt":{"rendered":"<p>Ma\u00dfe, Farbe, Material und Stil der Scheide k\u00f6nnen auf Anfrage individuell angepasst werden.<\/p>\n<h3>Hauptmerkmale<\/h3>\n<ul>\n<li>Die Scheide wurde aus hochwertigem Top-Grain-Leder gefertigt, einem nat\u00fcrlichen Narbenleder mit hervorragenden verformungshemmenden und wasserabweisenden Eigenschaften.<\/li>\n<li>Es handelt sich um eine ausreichend kleine Scheide in Kugelform. Ein 6-Zoll-Allzweckmesser oder Kampfmesser passt am bequemsten hinein.<\/li>\n<li>An der Seite ist eine G\u00fcrtelschlaufe befestigt, die als Hosenbund dient, um die Scheide am K\u00f6rper zu befestigen.<\/li>\n<\/ul>","protected":false},"featured_media":7657,"template":"","meta":{"inline_featured_image":false},"product_brand":[],"product_cat":[86],"product_tag":[],"class_list":{"0":"post-5677","1":"product","2":"type-product","3":"status-publish","4":"has-post-thumbnail","6":"product_cat-knife-sheaths","7":"pa_material-top-grain-leather","8":"sales-flash-overlay","9":"woocommerce-text-align-left","10":"woocommerce-image-align-center","11":"do-quantity-buttons","12":"wc-has-gallery","14":"first","15":"instock","16":"shipping-taxable","17":"product-type-simple"},"_links":{"self":[{"href":"https:\/\/leeknives.com\/de\/wp-json\/wp\/v2\/product\/5677","targetHints":{"allow":["GET"]}}],"collection":[{"href":"https:\/\/leeknives.com\/de\/wp-json\/wp\/v2\/product"}],"about":[{"href":"https:\/\/leeknives.com\/de\/wp-json\/wp\/v2\/types\/product"}],"wp:featuredmedia":[{"embeddable":true,"href":"https:\/\/leeknives.com\/de\/wp-json\/wp\/v2\/media\/7657"}],"wp:attachment":[{"href":"https:\/\/leeknives.com\/de\/wp-json\/wp\/v2\/media?parent=5677"}],"wp:term":[{"taxonomy":"product_brand","embeddable":true,"href":"https:\/\/leeknives.com\/de\/wp-json\/wp\/v2\/product_brand?post=5677"},{"taxonomy":"product_cat","embeddable":true,"href":"https:\/\/leeknives.com\/de\/wp-json\/wp\/v2\/product_cat?post=5677"},{"taxonomy":"product_tag","embeddable":true,"href":"https:\/\/leeknives.com\/de\/wp-json\/wp\/v2\/product_tag?post=5677"}],"curies":[{"name":"wp","href":"https:\/\/api.w.org\/{rel}","templated":true}]}}