{"id":5682,"date":"2022-08-31T14:19:38","date_gmt":"2022-08-31T06:19:38","guid":{"rendered":"https:\/\/leeknives.com\/?post_type=product&#038;p=5682"},"modified":"2023-12-22T15:06:49","modified_gmt":"2023-12-22T07:06:49","slug":"messerscheide-lkksh20011","status":"publish","type":"product","link":"https:\/\/leeknives.com\/de\/knife-sheath-lkksh20011\/","title":{"rendered":"Benutzerdefinierte vertikale Karambit-Scheide aus Spaltleder mit G\u00fcrtelschlaufe LKKSH20011"},"content":{"rendered":"","protected":false},"excerpt":{"rendered":"<p>Ma\u00dfe, Farbe, Material und Stil der Scheide k\u00f6nnen auf Anfrage individuell angepasst werden.<\/p>\n<h3>Hauptmerkmale<\/h3>\n<ul>\n<li>Exklusiv f\u00fcr sensenartige Karambit-Messer. Der Kr\u00fcmmungswinkel ist von Messer zu Messer unterschiedlich. Wenn Sie Karambit-Messer verkaufen, k\u00f6nnen wir die Scheidenabmessungen Ihren Bed\u00fcrfnissen entsprechend anpassen.<\/li>\n<li>Hergestellt aus Spaltleder. Aufgrund seiner Qualit\u00e4t und Verf\u00fcgbarkeit wird dieses echte Leder h\u00e4ufig zur Herstellung von Messerscheiden, M\u00f6beln, Kleidung usw. verwendet.<\/li>\n<li>Die Scheide kann mit der integrierten G\u00fcrtelschlaufe auf der R\u00fcckseite getragen werden.<\/li>\n<\/ul>","protected":false},"featured_media":7662,"template":"","meta":{"inline_featured_image":false},"product_brand":[],"product_cat":[86],"product_tag":[],"class_list":{"0":"post-5682","1":"product","2":"type-product","3":"status-publish","4":"has-post-thumbnail","6":"product_cat-knife-sheaths","7":"pa_material-split-leather","8":"sales-flash-overlay","9":"woocommerce-text-align-left","10":"woocommerce-image-align-center","11":"do-quantity-buttons","12":"wc-has-gallery","14":"first","15":"instock","16":"shipping-taxable","17":"product-type-simple"},"_links":{"self":[{"href":"https:\/\/leeknives.com\/de\/wp-json\/wp\/v2\/product\/5682","targetHints":{"allow":["GET"]}}],"collection":[{"href":"https:\/\/leeknives.com\/de\/wp-json\/wp\/v2\/product"}],"about":[{"href":"https:\/\/leeknives.com\/de\/wp-json\/wp\/v2\/types\/product"}],"wp:featuredmedia":[{"embeddable":true,"href":"https:\/\/leeknives.com\/de\/wp-json\/wp\/v2\/media\/7662"}],"wp:attachment":[{"href":"https:\/\/leeknives.com\/de\/wp-json\/wp\/v2\/media?parent=5682"}],"wp:term":[{"taxonomy":"product_brand","embeddable":true,"href":"https:\/\/leeknives.com\/de\/wp-json\/wp\/v2\/product_brand?post=5682"},{"taxonomy":"product_cat","embeddable":true,"href":"https:\/\/leeknives.com\/de\/wp-json\/wp\/v2\/product_cat?post=5682"},{"taxonomy":"product_tag","embeddable":true,"href":"https:\/\/leeknives.com\/de\/wp-json\/wp\/v2\/product_tag?post=5682"}],"curies":[{"name":"wp","href":"https:\/\/api.w.org\/{rel}","templated":true}]}}