{"id":5686,"date":"2022-08-31T14:24:55","date_gmt":"2022-08-31T06:24:55","guid":{"rendered":"https:\/\/leeknives.com\/?post_type=product&#038;p=5686"},"modified":"2023-12-22T15:06:39","modified_gmt":"2023-12-22T07:06:39","slug":"messerscheide-lkksh20012","status":"publish","type":"product","link":"https:\/\/leeknives.com\/de\/products\/knife-sheath-lkksh20012\/","title":{"rendered":"Benutzerdefinierte vertikale Tragescheide aus Spaltleder mit fester Klinge und G\u00fcrtelschlaufe LKKSH20012"},"content":{"rendered":"","protected":false},"excerpt":{"rendered":"<p>Ma\u00dfe, Farbe, Material und Stil der Scheide k\u00f6nnen auf Anfrage individuell angepasst werden.<\/p>\n<h3>Hauptmerkmale<\/h3>\n<ul>\n<li>Spaltleder ist eine Art Echtleder, das im Allgemeinen viel leichter ist. Das Gewicht kann f\u00fcr Benutzer, die Wert auf Tragbarkeit legen, ein entscheidender Faktor sein.<\/li>\n<li>Die Scheide hat eine feste Form mit einer Ecke im mittleren Drehwinkel. Geeignet f\u00fcr Klingen mit einer Breite von weniger als 2,5 cm. Wir k\u00f6nnen das Design jedoch nach Ihren W\u00fcnschen anpassen.<\/li>\n<li>Die Scheide muss vertikal am G\u00fcrtel baumelnd getragen werden, wobei die seitlich angebrachte Schlaufe verwendet wird.<\/li>\n<\/ul>","protected":false},"featured_media":7663,"template":"","meta":{"inline_featured_image":false},"product_brand":[],"product_cat":[86],"product_tag":[],"class_list":{"0":"post-5686","1":"product","2":"type-product","3":"status-publish","4":"has-post-thumbnail","6":"product_cat-knife-sheaths","7":"pa_material-split-leather","8":"sales-flash-overlay","9":"woocommerce-text-align-left","10":"woocommerce-image-align-center","11":"do-quantity-buttons","12":"wc-has-gallery","14":"first","15":"instock","16":"shipping-taxable","17":"product-type-simple"},"_links":{"self":[{"href":"https:\/\/leeknives.com\/de\/wp-json\/wp\/v2\/product\/5686","targetHints":{"allow":["GET"]}}],"collection":[{"href":"https:\/\/leeknives.com\/de\/wp-json\/wp\/v2\/product"}],"about":[{"href":"https:\/\/leeknives.com\/de\/wp-json\/wp\/v2\/types\/product"}],"wp:featuredmedia":[{"embeddable":true,"href":"https:\/\/leeknives.com\/de\/wp-json\/wp\/v2\/media\/7663"}],"wp:attachment":[{"href":"https:\/\/leeknives.com\/de\/wp-json\/wp\/v2\/media?parent=5686"}],"wp:term":[{"taxonomy":"product_brand","embeddable":true,"href":"https:\/\/leeknives.com\/de\/wp-json\/wp\/v2\/product_brand?post=5686"},{"taxonomy":"product_cat","embeddable":true,"href":"https:\/\/leeknives.com\/de\/wp-json\/wp\/v2\/product_cat?post=5686"},{"taxonomy":"product_tag","embeddable":true,"href":"https:\/\/leeknives.com\/de\/wp-json\/wp\/v2\/product_tag?post=5686"}],"curies":[{"name":"wp","href":"https:\/\/api.w.org\/{rel}","templated":true}]}}