{"id":5689,"date":"2022-08-31T14:28:19","date_gmt":"2022-08-31T06:28:19","guid":{"rendered":"https:\/\/leeknives.com\/?post_type=product&#038;p=5689"},"modified":"2023-12-22T15:06:28","modified_gmt":"2023-12-22T07:06:28","slug":"messerscheide-lkksh20013","status":"publish","type":"product","link":"https:\/\/leeknives.com\/de\/products\/knife-sheath-lkksh20013\/","title":{"rendered":"Ma\u00dfgefertigte Doppel-Tragescheide aus Top-Grain-Leder mit feststehender Klinge und G\u00fcrtelschlaufe LKKSH20013"},"content":{"rendered":"","protected":false},"excerpt":{"rendered":"<p>Ma\u00dfe, Farbe, Material und Stil der Scheide k\u00f6nnen auf Anfrage individuell angepasst werden.<\/p>\n<h3>Hauptmerkmale<\/h3>\n<ul>\n<li>Hergestellt aus luxuri\u00f6sem Narbenleder. Professionell gegerbt mit reichlich \u00d6l, das einen satten, gl\u00e4nzenden nat\u00fcrlichen Glanz erzeugt.<\/li>\n<li>Geeignet f\u00fcr Jagd- oder Ausbeinmesser. Es ist nicht nur ein echter Hingucker, sondern das hochwertige Narbenleder genie\u00dft auch einen hervorragenden Ruf hinsichtlich seiner Haltbarkeit.<\/li>\n<li>Bei der Entwicklung der Scheide standen Sicherheitsma\u00dfnahmen im Vordergrund. Die Befestigung erfolgt \u00fcber selbstklebende Schnallenriemen. Kann sowohl vertikal als auch horizontal getragen werden.<\/li>\n<\/ul>","protected":false},"featured_media":7667,"template":"","meta":{"inline_featured_image":false},"product_brand":[],"product_cat":[86],"product_tag":[],"class_list":{"0":"post-5689","1":"product","2":"type-product","3":"status-publish","4":"has-post-thumbnail","6":"product_cat-knife-sheaths","7":"pa_material-top-grain-leather","8":"sales-flash-overlay","9":"woocommerce-text-align-left","10":"woocommerce-image-align-center","11":"do-quantity-buttons","12":"wc-has-gallery","14":"first","15":"instock","16":"shipping-taxable","17":"product-type-simple"},"_links":{"self":[{"href":"https:\/\/leeknives.com\/de\/wp-json\/wp\/v2\/product\/5689","targetHints":{"allow":["GET"]}}],"collection":[{"href":"https:\/\/leeknives.com\/de\/wp-json\/wp\/v2\/product"}],"about":[{"href":"https:\/\/leeknives.com\/de\/wp-json\/wp\/v2\/types\/product"}],"wp:featuredmedia":[{"embeddable":true,"href":"https:\/\/leeknives.com\/de\/wp-json\/wp\/v2\/media\/7667"}],"wp:attachment":[{"href":"https:\/\/leeknives.com\/de\/wp-json\/wp\/v2\/media?parent=5689"}],"wp:term":[{"taxonomy":"product_brand","embeddable":true,"href":"https:\/\/leeknives.com\/de\/wp-json\/wp\/v2\/product_brand?post=5689"},{"taxonomy":"product_cat","embeddable":true,"href":"https:\/\/leeknives.com\/de\/wp-json\/wp\/v2\/product_cat?post=5689"},{"taxonomy":"product_tag","embeddable":true,"href":"https:\/\/leeknives.com\/de\/wp-json\/wp\/v2\/product_tag?post=5689"}],"curies":[{"name":"wp","href":"https:\/\/api.w.org\/{rel}","templated":true}]}}