{"id":5695,"date":"2022-08-31T14:34:48","date_gmt":"2022-08-31T06:34:48","guid":{"rendered":"https:\/\/leeknives.com\/?post_type=product&#038;p=5695"},"modified":"2023-12-22T15:06:18","modified_gmt":"2023-12-22T07:06:18","slug":"messerscheide-lkksh20014","status":"publish","type":"product","link":"https:\/\/leeknives.com\/de\/products\/knife-sheath-lkksh20014\/","title":{"rendered":"Ma\u00dfgefertigte horizontale Tragescheide aus PU-Leder mit feststehender Klinge und G\u00fcrtelschlaufe LKKSH20014"},"content":{"rendered":"","protected":false},"excerpt":{"rendered":"<p>Ma\u00dfe, Farbe, Material und Stil der Scheide k\u00f6nnen auf Anfrage individuell angepasst werden.<\/p>\n<h3>Hauptmerkmale<\/h3>\n<ul>\n<li>Eine ziemlich gro\u00dfe Messerscheide, in die Messer mit einer langen, schmalen Klinge passen, wie z. B. ein Kochmesser oder ein Yanagiba.<\/li>\n<li>Die Scheide ist f\u00fcr den Einsatz als Pfadfinder konzipiert. Die beiden G\u00fcrtelschlaufen an der Oberseite k\u00f6nnen an der Jeans auf dem R\u00fccken befestigt werden. Das horizontale Tragen behindert Ihre Bewegungsfreiheit kaum.<\/li>\n<li>Das Muster besteht aus k\u00fcnstlichem PU-Leder und imitiert die makellose Textur von echtem Leder.<\/li>\n<\/ul>","protected":false},"featured_media":7671,"template":"","meta":{"inline_featured_image":false},"product_brand":[],"product_cat":[86],"product_tag":[],"class_list":{"0":"post-5695","1":"product","2":"type-product","3":"status-publish","4":"has-post-thumbnail","6":"product_cat-knife-sheaths","7":"pa_material-pu-leather","8":"sales-flash-overlay","9":"woocommerce-text-align-left","10":"woocommerce-image-align-center","11":"do-quantity-buttons","12":"wc-has-gallery","14":"first","15":"instock","16":"shipping-taxable","17":"product-type-simple"},"_links":{"self":[{"href":"https:\/\/leeknives.com\/de\/wp-json\/wp\/v2\/product\/5695","targetHints":{"allow":["GET"]}}],"collection":[{"href":"https:\/\/leeknives.com\/de\/wp-json\/wp\/v2\/product"}],"about":[{"href":"https:\/\/leeknives.com\/de\/wp-json\/wp\/v2\/types\/product"}],"wp:featuredmedia":[{"embeddable":true,"href":"https:\/\/leeknives.com\/de\/wp-json\/wp\/v2\/media\/7671"}],"wp:attachment":[{"href":"https:\/\/leeknives.com\/de\/wp-json\/wp\/v2\/media?parent=5695"}],"wp:term":[{"taxonomy":"product_brand","embeddable":true,"href":"https:\/\/leeknives.com\/de\/wp-json\/wp\/v2\/product_brand?post=5695"},{"taxonomy":"product_cat","embeddable":true,"href":"https:\/\/leeknives.com\/de\/wp-json\/wp\/v2\/product_cat?post=5695"},{"taxonomy":"product_tag","embeddable":true,"href":"https:\/\/leeknives.com\/de\/wp-json\/wp\/v2\/product_tag?post=5695"}],"curies":[{"name":"wp","href":"https:\/\/api.w.org\/{rel}","templated":true}]}}