{"id":5700,"date":"2022-08-31T14:39:25","date_gmt":"2022-08-31T06:39:25","guid":{"rendered":"https:\/\/leeknives.com\/?post_type=product&#038;p=5700"},"modified":"2023-12-22T15:06:09","modified_gmt":"2023-12-22T07:06:09","slug":"messerscheide-lkksh20015","status":"publish","type":"product","link":"https:\/\/leeknives.com\/de\/products\/knife-sheath-lkksh20015\/","title":{"rendered":"Benutzerdefinierte feststehende Klinge aus Spaltlederscheide LKKSH20015"},"content":{"rendered":"","protected":false},"excerpt":{"rendered":"<p>Ma\u00dfe, Farbe, Material und Stil der Scheide k\u00f6nnen auf Anfrage individuell angepasst werden.<\/p>\n<h3>Hauptmerkmale<\/h3>\n<ul>\n<li>Hergestellt aus echtem Spaltleder. Leicht und dennoch unglaublich langlebig, da die urspr\u00fcngliche Farbe und Form erhalten bleibt.<\/li>\n<li>Die Scheide verf\u00fcgt \u00fcber eine kreative Verschlussmethode. Der mittlere Riemen wird um den Messerr\u00fccken gewickelt und h\u00e4lt beide fest zusammen.<\/li>\n<li>Da die Scheide halb offen ist und die Schneide sch\u00fctzt, eignet sie sich f\u00fcr Messer in den unterschiedlichsten Formen und Gr\u00f6\u00dfen.<\/li>\n<\/ul>","protected":false},"featured_media":7674,"template":"","meta":{"inline_featured_image":false},"product_brand":[],"product_cat":[86],"product_tag":[],"class_list":{"0":"post-5700","1":"product","2":"type-product","3":"status-publish","4":"has-post-thumbnail","6":"product_cat-knife-sheaths","7":"pa_material-split-leather","8":"sales-flash-overlay","9":"woocommerce-text-align-left","10":"woocommerce-image-align-center","11":"do-quantity-buttons","12":"wc-has-gallery","14":"first","15":"instock","16":"shipping-taxable","17":"product-type-simple"},"_links":{"self":[{"href":"https:\/\/leeknives.com\/de\/wp-json\/wp\/v2\/product\/5700","targetHints":{"allow":["GET"]}}],"collection":[{"href":"https:\/\/leeknives.com\/de\/wp-json\/wp\/v2\/product"}],"about":[{"href":"https:\/\/leeknives.com\/de\/wp-json\/wp\/v2\/types\/product"}],"wp:featuredmedia":[{"embeddable":true,"href":"https:\/\/leeknives.com\/de\/wp-json\/wp\/v2\/media\/7674"}],"wp:attachment":[{"href":"https:\/\/leeknives.com\/de\/wp-json\/wp\/v2\/media?parent=5700"}],"wp:term":[{"taxonomy":"product_brand","embeddable":true,"href":"https:\/\/leeknives.com\/de\/wp-json\/wp\/v2\/product_brand?post=5700"},{"taxonomy":"product_cat","embeddable":true,"href":"https:\/\/leeknives.com\/de\/wp-json\/wp\/v2\/product_cat?post=5700"},{"taxonomy":"product_tag","embeddable":true,"href":"https:\/\/leeknives.com\/de\/wp-json\/wp\/v2\/product_tag?post=5700"}],"curies":[{"name":"wp","href":"https:\/\/api.w.org\/{rel}","templated":true}]}}