{"id":5703,"date":"2022-08-31T14:40:12","date_gmt":"2022-08-31T06:40:12","guid":{"rendered":"https:\/\/leeknives.com\/?post_type=product&#038;p=5703"},"modified":"2023-12-22T15:05:59","modified_gmt":"2023-12-22T07:05:59","slug":"messerscheide-lkksh20016","status":"publish","type":"product","link":"https:\/\/leeknives.com\/de\/products\/knife-sheath-lkksh20016\/","title":{"rendered":"Benutzerdefinierte vertikale Tragescheide aus PU-Leder mit fester Klinge und G\u00fcrtelschlaufe LKKSH20016"},"content":{"rendered":"","protected":false},"excerpt":{"rendered":"<p>Ma\u00dfe, Farbe, Material und Stil der Scheide k\u00f6nnen auf Anfrage individuell angepasst werden.<\/p>\n<h3>Hauptmerkmale<\/h3>\n<ul>\n<li>Dieses Scheidenmuster ist aus PU-Leder gefertigt. Ein robustes, wasserdichtes synthetisches Material, das h\u00e4ufig f\u00fcr Messerscheiden verwendet wird und allm\u00e4hlich an Popularit\u00e4t gewinnt.<\/li>\n<li>Rechteckig geformt. Die Scheide bietet einen relativ kleinen Raum f\u00fcr kleine Hack- oder Ausbeinmesser. Kontaktieren Sie uns, wir k\u00f6nnen die Gesamtgr\u00f6\u00dfen Ihren Anforderungen entsprechend anpassen.<\/li>\n<li>Verwendet die vertikale Tragemethode. Die G\u00fcrtelschlaufe auf der R\u00fcckseite der Scheide kann problemlos um die Taille befestigt werden.<\/li>\n<\/ul>","protected":false},"featured_media":7676,"template":"","meta":{"inline_featured_image":false},"product_brand":[],"product_cat":[86],"product_tag":[],"class_list":{"0":"post-5703","1":"product","2":"type-product","3":"status-publish","4":"has-post-thumbnail","6":"product_cat-knife-sheaths","7":"pa_material-pu-leather","8":"sales-flash-overlay","9":"woocommerce-text-align-left","10":"woocommerce-image-align-center","11":"do-quantity-buttons","12":"wc-has-gallery","14":"first","15":"instock","16":"shipping-taxable","17":"product-type-simple"},"_links":{"self":[{"href":"https:\/\/leeknives.com\/de\/wp-json\/wp\/v2\/product\/5703","targetHints":{"allow":["GET"]}}],"collection":[{"href":"https:\/\/leeknives.com\/de\/wp-json\/wp\/v2\/product"}],"about":[{"href":"https:\/\/leeknives.com\/de\/wp-json\/wp\/v2\/types\/product"}],"wp:featuredmedia":[{"embeddable":true,"href":"https:\/\/leeknives.com\/de\/wp-json\/wp\/v2\/media\/7676"}],"wp:attachment":[{"href":"https:\/\/leeknives.com\/de\/wp-json\/wp\/v2\/media?parent=5703"}],"wp:term":[{"taxonomy":"product_brand","embeddable":true,"href":"https:\/\/leeknives.com\/de\/wp-json\/wp\/v2\/product_brand?post=5703"},{"taxonomy":"product_cat","embeddable":true,"href":"https:\/\/leeknives.com\/de\/wp-json\/wp\/v2\/product_cat?post=5703"},{"taxonomy":"product_tag","embeddable":true,"href":"https:\/\/leeknives.com\/de\/wp-json\/wp\/v2\/product_tag?post=5703"}],"curies":[{"name":"wp","href":"https:\/\/api.w.org\/{rel}","templated":true}]}}