{"id":5706,"date":"2022-08-31T14:52:01","date_gmt":"2022-08-31T06:52:01","guid":{"rendered":"https:\/\/leeknives.com\/?post_type=product&#038;p=5706"},"modified":"2023-12-22T15:05:49","modified_gmt":"2023-12-22T07:05:49","slug":"messerscheide-lkksh20017-18","status":"publish","type":"product","link":"https:\/\/leeknives.com\/de\/products\/knife-sheath-lkksh20017-18\/","title":{"rendered":"Ma\u00dfgefertigte Doppel-Tragescheide aus Spaltleder mit feststehender Klinge und G\u00fcrtelschlaufe LKKSH20017-18"},"content":{"rendered":"","protected":false},"excerpt":{"rendered":"<p>Ma\u00dfe, Farbe, Material und Stil der Scheide k\u00f6nnen auf Anfrage individuell angepasst werden.<\/p>\n<h3>Hauptmerkmale<\/h3>\n<ul>\n<li>Die Ma\u00dfe betragen 12 Zoll L\u00e4nge und 2,5 Zoll Breite. Die Scheide ist mit den meisten Kampfmessern und Universalmessern kompatibel.<\/li>\n<li>Zwei Tragemethoden verf\u00fcgbar. Befestigen Sie die integrierte G\u00fcrtelschlaufe vertikal an Ihrer Jeans f\u00fcr einfachen Zugriff. Oder horizontal f\u00fcr bequeme Bewegungen.<\/li>\n<li>Mit Schnallenspannern ausgestattet. Im Inneren aufbewahrte Messer sind jederzeit sicher verstaut.<\/li>\n<\/ul>","protected":false},"featured_media":7678,"template":"","meta":{"inline_featured_image":false},"product_brand":[],"product_cat":[86],"product_tag":[],"class_list":{"0":"post-5706","1":"product","2":"type-product","3":"status-publish","4":"has-post-thumbnail","6":"product_cat-knife-sheaths","7":"pa_material-split-leather","8":"sales-flash-overlay","9":"woocommerce-text-align-left","10":"woocommerce-image-align-center","11":"do-quantity-buttons","12":"wc-has-gallery","14":"first","15":"instock","16":"shipping-taxable","17":"product-type-simple"},"_links":{"self":[{"href":"https:\/\/leeknives.com\/de\/wp-json\/wp\/v2\/product\/5706","targetHints":{"allow":["GET"]}}],"collection":[{"href":"https:\/\/leeknives.com\/de\/wp-json\/wp\/v2\/product"}],"about":[{"href":"https:\/\/leeknives.com\/de\/wp-json\/wp\/v2\/types\/product"}],"wp:featuredmedia":[{"embeddable":true,"href":"https:\/\/leeknives.com\/de\/wp-json\/wp\/v2\/media\/7678"}],"wp:attachment":[{"href":"https:\/\/leeknives.com\/de\/wp-json\/wp\/v2\/media?parent=5706"}],"wp:term":[{"taxonomy":"product_brand","embeddable":true,"href":"https:\/\/leeknives.com\/de\/wp-json\/wp\/v2\/product_brand?post=5706"},{"taxonomy":"product_cat","embeddable":true,"href":"https:\/\/leeknives.com\/de\/wp-json\/wp\/v2\/product_cat?post=5706"},{"taxonomy":"product_tag","embeddable":true,"href":"https:\/\/leeknives.com\/de\/wp-json\/wp\/v2\/product_tag?post=5706"}],"curies":[{"name":"wp","href":"https:\/\/api.w.org\/{rel}","templated":true}]}}