{"id":5713,"date":"2022-08-31T14:56:00","date_gmt":"2022-08-31T06:56:00","guid":{"rendered":"https:\/\/leeknives.com\/?post_type=product&#038;p=5713"},"modified":"2023-12-22T15:05:39","modified_gmt":"2023-12-22T07:05:39","slug":"messerscheide-lkksh20019-20","status":"publish","type":"product","link":"https:\/\/leeknives.com\/de\/products\/knife-sheath-lkksh20019-20\/","title":{"rendered":"Benutzerdefinierte vertikale Tragetasche f\u00fcr Kochmesser, PU-Lederscheide mit G\u00fcrtelschlaufe LKKSH20019-20"},"content":{"rendered":"","protected":false},"excerpt":{"rendered":"<p>Ma\u00dfe, Farbe, Material und Stil der Scheide k\u00f6nnen auf Anfrage individuell angepasst werden.<\/p>\n<h3>Hauptmerkmale<\/h3>\n<ul>\n<li>Dieses sperrige Paar Messerscheiden ist f\u00fcr gro\u00dfe K\u00fcchenmesser mit gebogener Schneide geeignet. F\u00fcr Camper und Grillmeister sind sie als tragbare Aufbewahrungsboxen sehr n\u00fctzlich.<\/li>\n<li>Als Aufbewahrung f\u00fcr gef\u00e4hrliche Gegenst\u00e4nde wie Messer verf\u00fcgt die Scheide \u00fcber eine feste Schnalle an der \u00d6ffnung, die ein Herausrutschen des Messers verhindert. F\u00fcr ein sicheres Gef\u00fchl.<\/li>\n<li>Das zus\u00e4tzliche Leder auf der R\u00fcckseite dient als G\u00fcrtelschlaufe, mit der Benutzer die Messer an Jeans tragen k\u00f6nnen.<\/li>\n<\/ul>","protected":false},"featured_media":7683,"template":"","meta":{"inline_featured_image":false},"product_brand":[],"product_cat":[86],"product_tag":[],"class_list":{"0":"post-5713","1":"product","2":"type-product","3":"status-publish","4":"has-post-thumbnail","6":"product_cat-knife-sheaths","7":"pa_material-pu-leather","8":"sales-flash-overlay","9":"woocommerce-text-align-left","10":"woocommerce-image-align-center","11":"do-quantity-buttons","12":"wc-has-gallery","14":"first","15":"instock","16":"shipping-taxable","17":"product-type-simple"},"_links":{"self":[{"href":"https:\/\/leeknives.com\/de\/wp-json\/wp\/v2\/product\/5713","targetHints":{"allow":["GET"]}}],"collection":[{"href":"https:\/\/leeknives.com\/de\/wp-json\/wp\/v2\/product"}],"about":[{"href":"https:\/\/leeknives.com\/de\/wp-json\/wp\/v2\/types\/product"}],"wp:featuredmedia":[{"embeddable":true,"href":"https:\/\/leeknives.com\/de\/wp-json\/wp\/v2\/media\/7683"}],"wp:attachment":[{"href":"https:\/\/leeknives.com\/de\/wp-json\/wp\/v2\/media?parent=5713"}],"wp:term":[{"taxonomy":"product_brand","embeddable":true,"href":"https:\/\/leeknives.com\/de\/wp-json\/wp\/v2\/product_brand?post=5713"},{"taxonomy":"product_cat","embeddable":true,"href":"https:\/\/leeknives.com\/de\/wp-json\/wp\/v2\/product_cat?post=5713"},{"taxonomy":"product_tag","embeddable":true,"href":"https:\/\/leeknives.com\/de\/wp-json\/wp\/v2\/product_tag?post=5713"}],"curies":[{"name":"wp","href":"https:\/\/api.w.org\/{rel}","templated":true}]}}