{"id":5726,"date":"2022-08-31T15:17:24","date_gmt":"2022-08-31T07:17:24","guid":{"rendered":"https:\/\/leeknives.com\/?post_type=product&#038;p=5726"},"modified":"2023-12-22T15:05:21","modified_gmt":"2023-12-22T07:05:21","slug":"messerscheide-lkksh20022","status":"publish","type":"product","link":"https:\/\/leeknives.com\/de\/products\/knife-sheath-lkksh20022\/","title":{"rendered":"Benutzerdefinierte vertikale Tragetasche Serbisches Kochmesser Kunstlederscheide mit G\u00fcrtelschlaufe LKKSH20022"},"content":{"rendered":"","protected":false},"excerpt":{"rendered":"<p>Ma\u00dfe, Farbe, Material und Stil der Scheide k\u00f6nnen auf Anfrage individuell angepasst werden.<\/p>\n<div class=\"woocommerce-product-details__short-description\">\n<h3>Hauptmerkmale<\/h3>\n<ul>\n<li>Aus Kunstleder. Die Scheide hat einen gebogenen R\u00fcckenbereich, der f\u00fcr die Aufbewahrung serbischer Messer oder Jagdmesser in kleineren Gr\u00f6\u00dfen gedacht ist.<\/li>\n<li>Es ist ein wahrer Ausdruck von Handwerkskunst. Mit sorgf\u00e4ltig gestrickten Seitenmustern und Farbverlauf, dunkelbraunem Laminat. Perfekt f\u00fcr Vintage-Liebhaber.<\/li>\n<li>Alle Teile der Scheide sind individuell anpassbar. Vom G\u00fcrtelschlaufendesign bis hin zu den Gesamtgr\u00f6\u00dfen. Kontaktieren Sie uns, um eine feste Scheide f\u00fcr Ihre Messer anzufertigen.<\/li>\n<\/ul>\n<\/div>","protected":false},"featured_media":7692,"template":"","meta":{"inline_featured_image":false},"product_brand":[],"product_cat":[86],"product_tag":[],"class_list":{"0":"post-5726","1":"product","2":"type-product","3":"status-publish","4":"has-post-thumbnail","6":"product_cat-knife-sheaths","7":"pa_material-faux-leather","8":"sales-flash-overlay","9":"woocommerce-text-align-left","10":"woocommerce-image-align-center","11":"do-quantity-buttons","12":"wc-has-gallery","14":"first","15":"instock","16":"shipping-taxable","17":"product-type-simple"},"_links":{"self":[{"href":"https:\/\/leeknives.com\/de\/wp-json\/wp\/v2\/product\/5726","targetHints":{"allow":["GET"]}}],"collection":[{"href":"https:\/\/leeknives.com\/de\/wp-json\/wp\/v2\/product"}],"about":[{"href":"https:\/\/leeknives.com\/de\/wp-json\/wp\/v2\/types\/product"}],"wp:featuredmedia":[{"embeddable":true,"href":"https:\/\/leeknives.com\/de\/wp-json\/wp\/v2\/media\/7692"}],"wp:attachment":[{"href":"https:\/\/leeknives.com\/de\/wp-json\/wp\/v2\/media?parent=5726"}],"wp:term":[{"taxonomy":"product_brand","embeddable":true,"href":"https:\/\/leeknives.com\/de\/wp-json\/wp\/v2\/product_brand?post=5726"},{"taxonomy":"product_cat","embeddable":true,"href":"https:\/\/leeknives.com\/de\/wp-json\/wp\/v2\/product_cat?post=5726"},{"taxonomy":"product_tag","embeddable":true,"href":"https:\/\/leeknives.com\/de\/wp-json\/wp\/v2\/product_tag?post=5726"}],"curies":[{"name":"wp","href":"https:\/\/api.w.org\/{rel}","templated":true}]}}