{"id":5741,"date":"2022-08-31T15:22:32","date_gmt":"2022-08-31T07:22:32","guid":{"rendered":"https:\/\/leeknives.com\/?post_type=product&#038;p=5741"},"modified":"2023-12-22T15:05:11","modified_gmt":"2023-12-22T07:05:11","slug":"messerscheide-lkksh20023","status":"publish","type":"product","link":"https:\/\/leeknives.com\/de\/knife-sheath-lkksh20023\/","title":{"rendered":"Benutzerdefinierte vertikale Tragescheide aus Spaltleder mit fester Klinge und G\u00fcrtelschlaufe LKKSH20023"},"content":{"rendered":"","protected":false},"excerpt":{"rendered":"<p>Ma\u00dfe, Farbe, Material und Stil der Scheide k\u00f6nnen auf Anfrage individuell angepasst werden.<\/p>\n<h3>Hauptmerkmale<\/h3>\n<ul>\n<li>Hergestellt aus schwarz gef\u00e4rbtem Spaltleder. Die Scheide wurde f\u00fcr schwere Messer mit wettbewerbsf\u00e4higer Klingengr\u00f6\u00dfe entwickelt.<\/li>\n<li>Rote N\u00e4hte ziehen die Scheide seitlich zusammen. Zeigt eine engagierte Arbeits- und Berufsrichtung.<\/li>\n<li>Der Schnallenriemen ist auch ein Verbindungspunkt, der es dem Benutzer erm\u00f6glicht, diese Scheide vertikal an einer G\u00fcrtelschlaufe zu tragen.<\/li>\n<\/ul>","protected":false},"featured_media":7701,"template":"","meta":{"inline_featured_image":false},"product_brand":[],"product_cat":[86],"product_tag":[],"class_list":{"0":"post-5741","1":"product","2":"type-product","3":"status-publish","4":"has-post-thumbnail","6":"product_cat-knife-sheaths","7":"pa_material-split-leather","8":"sales-flash-overlay","9":"woocommerce-text-align-left","10":"woocommerce-image-align-center","11":"do-quantity-buttons","12":"wc-has-gallery","14":"first","15":"instock","16":"shipping-taxable","17":"product-type-simple"},"_links":{"self":[{"href":"https:\/\/leeknives.com\/de\/wp-json\/wp\/v2\/product\/5741","targetHints":{"allow":["GET"]}}],"collection":[{"href":"https:\/\/leeknives.com\/de\/wp-json\/wp\/v2\/product"}],"about":[{"href":"https:\/\/leeknives.com\/de\/wp-json\/wp\/v2\/types\/product"}],"wp:featuredmedia":[{"embeddable":true,"href":"https:\/\/leeknives.com\/de\/wp-json\/wp\/v2\/media\/7701"}],"wp:attachment":[{"href":"https:\/\/leeknives.com\/de\/wp-json\/wp\/v2\/media?parent=5741"}],"wp:term":[{"taxonomy":"product_brand","embeddable":true,"href":"https:\/\/leeknives.com\/de\/wp-json\/wp\/v2\/product_brand?post=5741"},{"taxonomy":"product_cat","embeddable":true,"href":"https:\/\/leeknives.com\/de\/wp-json\/wp\/v2\/product_cat?post=5741"},{"taxonomy":"product_tag","embeddable":true,"href":"https:\/\/leeknives.com\/de\/wp-json\/wp\/v2\/product_tag?post=5741"}],"curies":[{"name":"wp","href":"https:\/\/api.w.org\/{rel}","templated":true}]}}