{"id":5750,"date":"2022-08-31T15:26:50","date_gmt":"2022-08-31T07:26:50","guid":{"rendered":"https:\/\/leeknives.com\/?post_type=product&#038;p=5750"},"modified":"2023-12-22T15:05:01","modified_gmt":"2023-12-22T07:05:01","slug":"messerscheide-lkksh20024","status":"publish","type":"product","link":"https:\/\/leeknives.com\/de\/knife-sheath-lkksh20024\/","title":{"rendered":"Benutzerdefinierte vertikale Tragetasche f\u00fcr serbisches Kochmesser, gebundene Lederscheide mit G\u00fcrtelschlaufe LKKSH20024"},"content":{"rendered":"","protected":false},"excerpt":{"rendered":"<p>Ma\u00dfe, Farbe, Material und Stil der Scheide k\u00f6nnen auf Anfrage individuell angepasst werden.<\/p>\n<h3>Hauptmerkmale<\/h3>\n<ul>\n<li>Strickmuster im Vintage-Look und raues Braun. Die Scheide ist ein ausgezeichnetes Geschenk f\u00fcr alle nostalgischen Outdoor-K\u00f6che.<\/li>\n<li>Ein breiter R\u00fcckenbereich f\u00fcr serbische Kochmesser und Hackmesser mit konischer Spitze. Sollte der Stil nicht zu Ihrer Messersammlung passen, kontaktieren Sie uns und wir nehmen auf Anfrage Anpassungen vor.<\/li>\n<li>Diese aus zerkleinerten Ledermischungen hergestellte Lederfaserstoffscheide ist eine nachhaltige Alternative zu echtem Leder, die eine identische Textur und Optik bietet.<\/li>\n<\/ul>","protected":false},"featured_media":7703,"template":"","meta":{"inline_featured_image":false},"product_brand":[],"product_cat":[86],"product_tag":[],"class_list":{"0":"post-5750","1":"product","2":"type-product","3":"status-publish","4":"has-post-thumbnail","6":"product_cat-knife-sheaths","7":"pa_material-bonded-leather","8":"sales-flash-overlay","9":"woocommerce-text-align-left","10":"woocommerce-image-align-center","11":"do-quantity-buttons","12":"wc-has-gallery","14":"first","15":"instock","16":"shipping-taxable","17":"product-type-simple"},"_links":{"self":[{"href":"https:\/\/leeknives.com\/de\/wp-json\/wp\/v2\/product\/5750","targetHints":{"allow":["GET"]}}],"collection":[{"href":"https:\/\/leeknives.com\/de\/wp-json\/wp\/v2\/product"}],"about":[{"href":"https:\/\/leeknives.com\/de\/wp-json\/wp\/v2\/types\/product"}],"wp:featuredmedia":[{"embeddable":true,"href":"https:\/\/leeknives.com\/de\/wp-json\/wp\/v2\/media\/7703"}],"wp:attachment":[{"href":"https:\/\/leeknives.com\/de\/wp-json\/wp\/v2\/media?parent=5750"}],"wp:term":[{"taxonomy":"product_brand","embeddable":true,"href":"https:\/\/leeknives.com\/de\/wp-json\/wp\/v2\/product_brand?post=5750"},{"taxonomy":"product_cat","embeddable":true,"href":"https:\/\/leeknives.com\/de\/wp-json\/wp\/v2\/product_cat?post=5750"},{"taxonomy":"product_tag","embeddable":true,"href":"https:\/\/leeknives.com\/de\/wp-json\/wp\/v2\/product_tag?post=5750"}],"curies":[{"name":"wp","href":"https:\/\/api.w.org\/{rel}","templated":true}]}}