{"id":5756,"date":"2022-08-31T15:32:04","date_gmt":"2022-08-31T07:32:04","guid":{"rendered":"https:\/\/leeknives.com\/?post_type=product&#038;p=5756"},"modified":"2023-12-22T15:04:53","modified_gmt":"2023-12-22T07:04:53","slug":"messerscheide-lkksh20025","status":"publish","type":"product","link":"https:\/\/leeknives.com\/de\/products\/knife-sheath-lkksh20025\/","title":{"rendered":"Benutzerdefinierte vertikale Tragetasche f\u00fcr serbisches Kochmesser, gebundene Lederscheide mit G\u00fcrtelschlaufe und Tasche LKKSH20025"},"content":{"rendered":"","protected":false},"excerpt":{"rendered":"<p>Ma\u00dfe, Farbe, Material und Stil der Scheide k\u00f6nnen auf Anfrage individuell angepasst werden.<\/p>\n<h3>Hauptmerkmale<\/h3>\n<ul>\n<li>Speziell f\u00fcr serbische Kochmesser entwickelt. Diese Scheide ist riesig gro\u00df, schwer und bis zu 1,3 cm dick.<\/li>\n<li>Eine seitlich angebrachte Minitasche dient zur Aufbewahrung zierlicher Messer, die sich f\u00fcr Pr\u00e4zisionsarbeiten eignen. Auch Schl\u00fcsselanh\u00e4nger, Feuersteine etc. k\u00f6nnen darin aufbewahrt werden.<\/li>\n<li>Das subtile, eingekerbte Muster verl\u00e4uft um die Scheidenkante und zeigt die Hingabe, die in die Herstellung dieses Kunstwerks gesteckt wurde.<\/li>\n<\/ul>","protected":false},"featured_media":7710,"template":"","meta":{"inline_featured_image":false},"product_brand":[],"product_cat":[86],"product_tag":[],"class_list":{"0":"post-5756","1":"product","2":"type-product","3":"status-publish","4":"has-post-thumbnail","6":"product_cat-knife-sheaths","7":"pa_material-bonded-leather","8":"sales-flash-overlay","9":"woocommerce-text-align-left","10":"woocommerce-image-align-center","11":"do-quantity-buttons","12":"wc-has-gallery","14":"first","15":"instock","16":"shipping-taxable","17":"product-type-simple"},"_links":{"self":[{"href":"https:\/\/leeknives.com\/de\/wp-json\/wp\/v2\/product\/5756","targetHints":{"allow":["GET"]}}],"collection":[{"href":"https:\/\/leeknives.com\/de\/wp-json\/wp\/v2\/product"}],"about":[{"href":"https:\/\/leeknives.com\/de\/wp-json\/wp\/v2\/types\/product"}],"wp:featuredmedia":[{"embeddable":true,"href":"https:\/\/leeknives.com\/de\/wp-json\/wp\/v2\/media\/7710"}],"wp:attachment":[{"href":"https:\/\/leeknives.com\/de\/wp-json\/wp\/v2\/media?parent=5756"}],"wp:term":[{"taxonomy":"product_brand","embeddable":true,"href":"https:\/\/leeknives.com\/de\/wp-json\/wp\/v2\/product_brand?post=5756"},{"taxonomy":"product_cat","embeddable":true,"href":"https:\/\/leeknives.com\/de\/wp-json\/wp\/v2\/product_cat?post=5756"},{"taxonomy":"product_tag","embeddable":true,"href":"https:\/\/leeknives.com\/de\/wp-json\/wp\/v2\/product_tag?post=5756"}],"curies":[{"name":"wp","href":"https:\/\/api.w.org\/{rel}","templated":true}]}}