{"id":5764,"date":"2022-08-31T15:50:43","date_gmt":"2022-08-31T07:50:43","guid":{"rendered":"https:\/\/leeknives.com\/?post_type=product&#038;p=5764"},"modified":"2023-12-22T15:04:43","modified_gmt":"2023-12-22T07:04:43","slug":"messerscheide-lkksh20026","status":"publish","type":"product","link":"https:\/\/leeknives.com\/de\/knife-sheath-lkksh20026\/","title":{"rendered":"Benutzerdefiniertes Ausbeinmesser mit PU-Lederscheide LKKSH20026"},"content":{"rendered":"","protected":false},"excerpt":{"rendered":"<p>Ma\u00dfe, Farbe, Material und Stil der Scheide k\u00f6nnen auf Anfrage individuell angepasst werden.<\/p>\n<h3>Hauptmerkmale<\/h3>\n<ul>\n<li>Dreiteiliges Ausbeinmesser-Set mit Scheide. Die Gesamtl\u00e4nge reicht von 9 bis 13 Zoll. Das perfekte Allround-Set f\u00fcr alle Outdoor-K\u00f6che.<\/li>\n<li>Tragen Sie das Messer senkrecht oder lassen Sie es herunterh\u00e4ngen. Befestigen Sie es mithilfe eines Stahlrings an der Oberseite.<\/li>\n<li>Die Scheide ist mit Nylonf\u00e4den, die das Leder zusammenn\u00e4hen, fest verschlossen und mit Stahlr\u00e4ndern versehen.<\/li>\n<\/ul>","protected":false},"featured_media":7715,"template":"","meta":{"inline_featured_image":false},"product_brand":[],"product_cat":[86],"product_tag":[],"class_list":{"0":"post-5764","1":"product","2":"type-product","3":"status-publish","4":"has-post-thumbnail","6":"product_cat-knife-sheaths","7":"pa_material-pu-leather","8":"sales-flash-overlay","9":"woocommerce-text-align-left","10":"woocommerce-image-align-center","11":"do-quantity-buttons","12":"wc-has-gallery","14":"first","15":"instock","16":"shipping-taxable","17":"product-type-simple"},"_links":{"self":[{"href":"https:\/\/leeknives.com\/de\/wp-json\/wp\/v2\/product\/5764","targetHints":{"allow":["GET"]}}],"collection":[{"href":"https:\/\/leeknives.com\/de\/wp-json\/wp\/v2\/product"}],"about":[{"href":"https:\/\/leeknives.com\/de\/wp-json\/wp\/v2\/types\/product"}],"wp:featuredmedia":[{"embeddable":true,"href":"https:\/\/leeknives.com\/de\/wp-json\/wp\/v2\/media\/7715"}],"wp:attachment":[{"href":"https:\/\/leeknives.com\/de\/wp-json\/wp\/v2\/media?parent=5764"}],"wp:term":[{"taxonomy":"product_brand","embeddable":true,"href":"https:\/\/leeknives.com\/de\/wp-json\/wp\/v2\/product_brand?post=5764"},{"taxonomy":"product_cat","embeddable":true,"href":"https:\/\/leeknives.com\/de\/wp-json\/wp\/v2\/product_cat?post=5764"},{"taxonomy":"product_tag","embeddable":true,"href":"https:\/\/leeknives.com\/de\/wp-json\/wp\/v2\/product_tag?post=5764"}],"curies":[{"name":"wp","href":"https:\/\/api.w.org\/{rel}","templated":true}]}}