{"id":5774,"date":"2022-08-31T15:54:03","date_gmt":"2022-08-31T07:54:03","guid":{"rendered":"https:\/\/leeknives.com\/?post_type=product&#038;p=5774"},"modified":"2023-12-22T15:04:34","modified_gmt":"2023-12-22T07:04:34","slug":"messerscheide-lkksh20027","status":"publish","type":"product","link":"https:\/\/leeknives.com\/de\/products\/knife-sheath-lkksh20027\/","title":{"rendered":"Benutzerdefinierte vertikale Tragescheide f\u00fcr Metzgermesser aus Spaltleder mit G\u00fcrtelschlaufe LKKSH20027"},"content":{"rendered":"","protected":false},"excerpt":{"rendered":"<p>Ma\u00dfe, Farbe, Material und Stil der Scheide k\u00f6nnen auf Anfrage individuell angepasst werden.<\/p>\n<h3>Hauptmerkmale<\/h3>\n<ul>\n<li>Feste Scheide aus Spaltleder f\u00fcr Metzger- und Jagdmesser. Die Scheide bietet ausreichend Platz f\u00fcr Klingen mit einer L\u00e4nge von bis zu 6,85 Zoll.<\/li>\n<li>Diese Scheide ist f\u00fcr das Tragen am G\u00fcrtel geeignet. Auf der R\u00fcckseite der Scheide befindet sich ein Lederband, mit dem die Scheide mit einer G\u00fcrtelschlaufe verbunden werden kann.<\/li>\n<li>Wir k\u00f6nnen die Scheide von oben nach unten anpassen und die Farbbeschichtung und Materialien \u00e4ndern. Kontaktieren Sie uns jetzt, um ein Angebot zu erhalten.<\/li>\n<\/ul>","protected":false},"featured_media":7724,"template":"","meta":{"inline_featured_image":false},"product_brand":[],"product_cat":[86],"product_tag":[],"class_list":{"0":"post-5774","1":"product","2":"type-product","3":"status-publish","4":"has-post-thumbnail","6":"product_cat-knife-sheaths","7":"pa_material-split-leather","8":"sales-flash-overlay","9":"woocommerce-text-align-left","10":"woocommerce-image-align-center","11":"do-quantity-buttons","12":"wc-has-gallery","14":"first","15":"instock","16":"shipping-taxable","17":"product-type-simple"},"_links":{"self":[{"href":"https:\/\/leeknives.com\/de\/wp-json\/wp\/v2\/product\/5774","targetHints":{"allow":["GET"]}}],"collection":[{"href":"https:\/\/leeknives.com\/de\/wp-json\/wp\/v2\/product"}],"about":[{"href":"https:\/\/leeknives.com\/de\/wp-json\/wp\/v2\/types\/product"}],"wp:featuredmedia":[{"embeddable":true,"href":"https:\/\/leeknives.com\/de\/wp-json\/wp\/v2\/media\/7724"}],"wp:attachment":[{"href":"https:\/\/leeknives.com\/de\/wp-json\/wp\/v2\/media?parent=5774"}],"wp:term":[{"taxonomy":"product_brand","embeddable":true,"href":"https:\/\/leeknives.com\/de\/wp-json\/wp\/v2\/product_brand?post=5774"},{"taxonomy":"product_cat","embeddable":true,"href":"https:\/\/leeknives.com\/de\/wp-json\/wp\/v2\/product_cat?post=5774"},{"taxonomy":"product_tag","embeddable":true,"href":"https:\/\/leeknives.com\/de\/wp-json\/wp\/v2\/product_tag?post=5774"}],"curies":[{"name":"wp","href":"https:\/\/api.w.org\/{rel}","templated":true}]}}