{"id":5784,"date":"2022-08-31T15:56:55","date_gmt":"2022-08-31T07:56:55","guid":{"rendered":"https:\/\/leeknives.com\/?post_type=product&#038;p=5784"},"modified":"2023-12-22T15:04:25","modified_gmt":"2023-12-22T07:04:25","slug":"messerscheide-lkksh20028","status":"publish","type":"product","link":"https:\/\/leeknives.com\/de\/knife-sheath-lkksh20028\/","title":{"rendered":"Benutzerdefinierte vertikale Tragescheide aus Spaltleder mit fester Klinge und G\u00fcrtelschlaufe LKKSH20028"},"content":{"rendered":"","protected":false},"excerpt":{"rendered":"<p>Ma\u00dfe, Farbe, Material und Stil der Scheide k\u00f6nnen auf Anfrage individuell angepasst werden.<\/p>\n<h3>Hauptmerkmale<\/h3>\n<ul>\n<li>Eine einzigartige, sardinenartige Scheide f\u00fcr Messer mit spitzer Spitze und konischer Klinge. Die Scheide eignet sich sowohl f\u00fcr Kampfmesser als auch f\u00fcr Gebrauchs- oder Sch\u00e4lmesser f\u00fcr den Campinggebrauch.<\/li>\n<li>Spaltleder als Basismaterial. Durch die deutlich dichtere Narbenstruktur ist Spaltleder noch rei\u00dffester als hochwertiges Narbenleder.<\/li>\n<li>Mit dem h\u00e4ngenden Lederriemen unter den Schnallen kann die Scheide zum vertikalen Tragen an einer G\u00fcrtelschlaufe befestigt werden.<\/li>\n<\/ul>","protected":false},"featured_media":7726,"template":"","meta":{"inline_featured_image":false},"product_brand":[],"product_cat":[86],"product_tag":[],"class_list":{"0":"post-5784","1":"product","2":"type-product","3":"status-publish","4":"has-post-thumbnail","6":"product_cat-knife-sheaths","7":"pa_material-split-leather","8":"sales-flash-overlay","9":"woocommerce-text-align-left","10":"woocommerce-image-align-center","11":"do-quantity-buttons","12":"wc-has-gallery","14":"first","15":"instock","16":"shipping-taxable","17":"product-type-simple"},"_links":{"self":[{"href":"https:\/\/leeknives.com\/de\/wp-json\/wp\/v2\/product\/5784","targetHints":{"allow":["GET"]}}],"collection":[{"href":"https:\/\/leeknives.com\/de\/wp-json\/wp\/v2\/product"}],"about":[{"href":"https:\/\/leeknives.com\/de\/wp-json\/wp\/v2\/types\/product"}],"wp:featuredmedia":[{"embeddable":true,"href":"https:\/\/leeknives.com\/de\/wp-json\/wp\/v2\/media\/7726"}],"wp:attachment":[{"href":"https:\/\/leeknives.com\/de\/wp-json\/wp\/v2\/media?parent=5784"}],"wp:term":[{"taxonomy":"product_brand","embeddable":true,"href":"https:\/\/leeknives.com\/de\/wp-json\/wp\/v2\/product_brand?post=5784"},{"taxonomy":"product_cat","embeddable":true,"href":"https:\/\/leeknives.com\/de\/wp-json\/wp\/v2\/product_cat?post=5784"},{"taxonomy":"product_tag","embeddable":true,"href":"https:\/\/leeknives.com\/de\/wp-json\/wp\/v2\/product_tag?post=5784"}],"curies":[{"name":"wp","href":"https:\/\/api.w.org\/{rel}","templated":true}]}}