{"id":5789,"date":"2022-08-31T16:00:13","date_gmt":"2022-08-31T08:00:13","guid":{"rendered":"https:\/\/leeknives.com\/?post_type=product&#038;p=5789"},"modified":"2023-12-22T15:04:15","modified_gmt":"2023-12-22T07:04:15","slug":"messerscheide-lkksh20029","status":"publish","type":"product","link":"https:\/\/leeknives.com\/de\/knife-sheath-lkksh20029\/","title":{"rendered":"Benutzerdefinierte vertikale Tragescheide aus Spaltleder mit fester Klinge und G\u00fcrtelschlaufe LKKSH20029"},"content":{"rendered":"","protected":false},"excerpt":{"rendered":"<p>Ma\u00dfe, Farbe, Material und Stil der Scheide k\u00f6nnen auf Anfrage individuell angepasst werden.<\/p>\n<h3>Hauptmerkmale<\/h3>\n<ul>\n<li>Eine Scheide aus Spaltleder, die den Gipfel der Robustheit darstellt. Im Gegensatz zu Narbenleder ist Spaltleder aufgrund seiner dichten Fasern deutlich abriebfest und wasserabweisend.<\/li>\n<li>Die Scheide erm\u00f6glicht das vertikale Tragen. Verbinden Sie einfach den Lederschnallenriemen oben mit einer G\u00fcrtelschlaufe, so einfach ist das!<\/li>\n<li>Die H\u00fclle l\u00e4sst sich zur individuellen Gestaltung \u00f6ffnen. Erstellen Sie auf dieser Grundlage eine personalisierte H\u00fclle, die zu Ihrer Marke und den Bed\u00fcrfnissen Ihrer Kunden passt.<\/li>\n<\/ul>","protected":false},"featured_media":7728,"template":"","meta":{"inline_featured_image":false},"product_brand":[],"product_cat":[86],"product_tag":[],"class_list":{"0":"post-5789","1":"product","2":"type-product","3":"status-publish","4":"has-post-thumbnail","6":"product_cat-knife-sheaths","7":"pa_material-split-leather","8":"sales-flash-overlay","9":"woocommerce-text-align-left","10":"woocommerce-image-align-center","11":"do-quantity-buttons","12":"wc-has-gallery","14":"first","15":"instock","16":"shipping-taxable","17":"product-type-simple"},"_links":{"self":[{"href":"https:\/\/leeknives.com\/de\/wp-json\/wp\/v2\/product\/5789","targetHints":{"allow":["GET"]}}],"collection":[{"href":"https:\/\/leeknives.com\/de\/wp-json\/wp\/v2\/product"}],"about":[{"href":"https:\/\/leeknives.com\/de\/wp-json\/wp\/v2\/types\/product"}],"wp:featuredmedia":[{"embeddable":true,"href":"https:\/\/leeknives.com\/de\/wp-json\/wp\/v2\/media\/7728"}],"wp:attachment":[{"href":"https:\/\/leeknives.com\/de\/wp-json\/wp\/v2\/media?parent=5789"}],"wp:term":[{"taxonomy":"product_brand","embeddable":true,"href":"https:\/\/leeknives.com\/de\/wp-json\/wp\/v2\/product_brand?post=5789"},{"taxonomy":"product_cat","embeddable":true,"href":"https:\/\/leeknives.com\/de\/wp-json\/wp\/v2\/product_cat?post=5789"},{"taxonomy":"product_tag","embeddable":true,"href":"https:\/\/leeknives.com\/de\/wp-json\/wp\/v2\/product_tag?post=5789"}],"curies":[{"name":"wp","href":"https:\/\/api.w.org\/{rel}","templated":true}]}}