{"id":5793,"date":"2022-08-31T16:04:38","date_gmt":"2022-08-31T08:04:38","guid":{"rendered":"https:\/\/leeknives.com\/?post_type=product&#038;p=5793"},"modified":"2023-12-22T15:04:05","modified_gmt":"2023-12-22T07:04:05","slug":"messerscheide-lkksh20030","status":"publish","type":"product","link":"https:\/\/leeknives.com\/de\/knife-sheath-lkksh20030\/","title":{"rendered":"Benutzerdefinierte Kochmesser PU-Lederscheide LKKSH20030"},"content":{"rendered":"","protected":false},"excerpt":{"rendered":"<p>Ma\u00dfe, Farbe, Material und Stil der Scheide k\u00f6nnen auf Anfrage individuell angepasst werden.<\/p>\n<h3>Hauptmerkmale<\/h3>\n<ul>\n<li>PU-Lederscheide f\u00fcr Kochmesser, Gyuto oder Messer mit langer, schmaler Klinge.<\/li>\n<li>Die umrissenen N\u00e4hte auf der Scheidenoberfl\u00e4che und dem Schnalleng\u00fcrtel spiegeln das fachm\u00e4nnische Niveau der Handwerkskunst wider.<\/li>\n<li>Die Scheide wurde f\u00fcr K\u00f6che entwickelt, die regelm\u00e4\u00dfig im Freien kochen. Campingfans m\u00f6chten immer ein praktisches Schneidewerkzeug zur Hand haben.<\/li>\n<\/ul>","protected":false},"featured_media":7733,"template":"","meta":{"inline_featured_image":false},"product_brand":[],"product_cat":[86],"product_tag":[],"class_list":{"0":"post-5793","1":"product","2":"type-product","3":"status-publish","4":"has-post-thumbnail","6":"product_cat-knife-sheaths","7":"pa_material-pu-leather","8":"sales-flash-overlay","9":"woocommerce-text-align-left","10":"woocommerce-image-align-center","11":"do-quantity-buttons","12":"wc-has-gallery","14":"first","15":"instock","16":"shipping-taxable","17":"product-type-simple"},"_links":{"self":[{"href":"https:\/\/leeknives.com\/de\/wp-json\/wp\/v2\/product\/5793","targetHints":{"allow":["GET"]}}],"collection":[{"href":"https:\/\/leeknives.com\/de\/wp-json\/wp\/v2\/product"}],"about":[{"href":"https:\/\/leeknives.com\/de\/wp-json\/wp\/v2\/types\/product"}],"wp:featuredmedia":[{"embeddable":true,"href":"https:\/\/leeknives.com\/de\/wp-json\/wp\/v2\/media\/7733"}],"wp:attachment":[{"href":"https:\/\/leeknives.com\/de\/wp-json\/wp\/v2\/media?parent=5793"}],"wp:term":[{"taxonomy":"product_brand","embeddable":true,"href":"https:\/\/leeknives.com\/de\/wp-json\/wp\/v2\/product_brand?post=5793"},{"taxonomy":"product_cat","embeddable":true,"href":"https:\/\/leeknives.com\/de\/wp-json\/wp\/v2\/product_cat?post=5793"},{"taxonomy":"product_tag","embeddable":true,"href":"https:\/\/leeknives.com\/de\/wp-json\/wp\/v2\/product_tag?post=5793"}],"curies":[{"name":"wp","href":"https:\/\/api.w.org\/{rel}","templated":true}]}}