{"id":5797,"date":"2022-08-31T16:10:43","date_gmt":"2022-08-31T08:10:43","guid":{"rendered":"https:\/\/leeknives.com\/?post_type=product&#038;p=5797"},"modified":"2023-12-22T15:03:54","modified_gmt":"2023-12-22T07:03:54","slug":"messerscheide-lkksh20031","status":"publish","type":"product","link":"https:\/\/leeknives.com\/de\/knife-sheath-lkksh20031\/","title":{"rendered":"Benutzerdefinierte vertikale Tragescheide aus PU-Leder mit fester Klinge und G\u00fcrtelschlaufe LKKSH20031"},"content":{"rendered":"","protected":false},"excerpt":{"rendered":"<p>Ma\u00dfe, Farbe, Material und Stil der Scheide k\u00f6nnen auf Anfrage individuell angepasst werden.<\/p>\n<h3>Hauptmerkmale<\/h3>\n<ul>\n<li>K\u00fcnstliches PU-Leder mit h\u00f6chster F\u00e4higkeit, eine scharfe Klinge in gutem Zustand zu halten. Das Material ist au\u00dferdem ausreichend wasserabweisend.<\/li>\n<li>Die Scheide ist f\u00fcr Messerklingen mit einer L\u00e4nge von bis zu 20 cm ausgelegt. Da es sich um eine gro\u00dfe Scheide handelt, sollte sie vertikal getragen werden, damit sie Ihre Bewegungen nicht behindert.<\/li>\n<li>Schlichtes Design, wobei der Gro\u00dfteil der Lederoberfl\u00e4che glatt ist, um Platz f\u00fcr den Logodruck zu schaffen.<\/li>\n<\/ul>","protected":false},"featured_media":7736,"template":"","meta":{"inline_featured_image":false},"product_brand":[],"product_cat":[86],"product_tag":[],"class_list":{"0":"post-5797","1":"product","2":"type-product","3":"status-publish","4":"has-post-thumbnail","6":"product_cat-knife-sheaths","7":"pa_material-pu-leather","8":"sales-flash-overlay","9":"woocommerce-text-align-left","10":"woocommerce-image-align-center","11":"do-quantity-buttons","12":"wc-has-gallery","14":"first","15":"instock","16":"shipping-taxable","17":"product-type-simple"},"_links":{"self":[{"href":"https:\/\/leeknives.com\/de\/wp-json\/wp\/v2\/product\/5797","targetHints":{"allow":["GET"]}}],"collection":[{"href":"https:\/\/leeknives.com\/de\/wp-json\/wp\/v2\/product"}],"about":[{"href":"https:\/\/leeknives.com\/de\/wp-json\/wp\/v2\/types\/product"}],"wp:featuredmedia":[{"embeddable":true,"href":"https:\/\/leeknives.com\/de\/wp-json\/wp\/v2\/media\/7736"}],"wp:attachment":[{"href":"https:\/\/leeknives.com\/de\/wp-json\/wp\/v2\/media?parent=5797"}],"wp:term":[{"taxonomy":"product_brand","embeddable":true,"href":"https:\/\/leeknives.com\/de\/wp-json\/wp\/v2\/product_brand?post=5797"},{"taxonomy":"product_cat","embeddable":true,"href":"https:\/\/leeknives.com\/de\/wp-json\/wp\/v2\/product_cat?post=5797"},{"taxonomy":"product_tag","embeddable":true,"href":"https:\/\/leeknives.com\/de\/wp-json\/wp\/v2\/product_tag?post=5797"}],"curies":[{"name":"wp","href":"https:\/\/api.w.org\/{rel}","templated":true}]}}