{"id":5803,"date":"2022-08-31T16:12:50","date_gmt":"2022-08-31T08:12:50","guid":{"rendered":"https:\/\/leeknives.com\/?post_type=product&#038;p=5803"},"modified":"2023-12-22T15:03:42","modified_gmt":"2023-12-22T07:03:42","slug":"messerscheide-lkksh20032","status":"publish","type":"product","link":"https:\/\/leeknives.com\/de\/knife-sheath-lkksh20032\/","title":{"rendered":"Benutzerdefinierte vertikale Tragescheide aus PU-Leder mit fester Klinge und G\u00fcrtelschlaufe LKKSH20032"},"content":{"rendered":"","protected":false},"excerpt":{"rendered":"<p>Ma\u00dfe, Farbe, Material und Stil der Scheide k\u00f6nnen auf Anfrage individuell angepasst werden.<\/p>\n<h3>Hauptmerkmale<\/h3>\n<ul>\n<li>Hergestellt aus veganem PU-Leder. Steht f\u00fcr echte Haltbarkeit und Robustheit bei geringem Wartungsaufwand.<\/li>\n<li>Eine Scheide f\u00fcr sperrige Messer, die von Outdoor-K\u00f6chen getragen werden. Dank der G\u00fcrtelschlaufe l\u00e4sst sie sich leicht vertikal tragen.<\/li>\n<li>Die Scheide ist teilweise geschlossen. Die scharfe Klinge kann vollst\u00e4ndig abgedeckt und gesch\u00fctzt werden, w\u00e4hrend der Griff herausragt.<\/li>\n<\/ul>","protected":false},"featured_media":7739,"template":"","meta":{"inline_featured_image":false},"product_brand":[],"product_cat":[86],"product_tag":[],"class_list":{"0":"post-5803","1":"product","2":"type-product","3":"status-publish","4":"has-post-thumbnail","6":"product_cat-knife-sheaths","7":"pa_material-pu-leather","8":"sales-flash-overlay","9":"woocommerce-text-align-left","10":"woocommerce-image-align-center","11":"do-quantity-buttons","12":"wc-has-gallery","14":"first","15":"instock","16":"shipping-taxable","17":"product-type-simple"},"_links":{"self":[{"href":"https:\/\/leeknives.com\/de\/wp-json\/wp\/v2\/product\/5803","targetHints":{"allow":["GET"]}}],"collection":[{"href":"https:\/\/leeknives.com\/de\/wp-json\/wp\/v2\/product"}],"about":[{"href":"https:\/\/leeknives.com\/de\/wp-json\/wp\/v2\/types\/product"}],"wp:featuredmedia":[{"embeddable":true,"href":"https:\/\/leeknives.com\/de\/wp-json\/wp\/v2\/media\/7739"}],"wp:attachment":[{"href":"https:\/\/leeknives.com\/de\/wp-json\/wp\/v2\/media?parent=5803"}],"wp:term":[{"taxonomy":"product_brand","embeddable":true,"href":"https:\/\/leeknives.com\/de\/wp-json\/wp\/v2\/product_brand?post=5803"},{"taxonomy":"product_cat","embeddable":true,"href":"https:\/\/leeknives.com\/de\/wp-json\/wp\/v2\/product_cat?post=5803"},{"taxonomy":"product_tag","embeddable":true,"href":"https:\/\/leeknives.com\/de\/wp-json\/wp\/v2\/product_tag?post=5803"}],"curies":[{"name":"wp","href":"https:\/\/api.w.org\/{rel}","templated":true}]}}