{"id":5806,"date":"2022-08-31T16:15:10","date_gmt":"2022-08-31T08:15:10","guid":{"rendered":"https:\/\/leeknives.com\/?post_type=product&#038;p=5806"},"modified":"2023-12-22T15:03:32","modified_gmt":"2023-12-22T07:03:32","slug":"messerscheide-lkksh20033","status":"publish","type":"product","link":"https:\/\/leeknives.com\/de\/knife-sheath-lkksh20033\/","title":{"rendered":"Benutzerdefinierte Dual-Carry-Taschenmesser PU-Lederscheide mit G\u00fcrtelschlaufe LKKSH20033"},"content":{"rendered":"","protected":false},"excerpt":{"rendered":"<p>Ma\u00dfe, Farbe, Material und Stil der Scheide k\u00f6nnen auf Anfrage individuell angepasst werden.<\/p>\n<h3>Hauptmerkmale<\/h3>\n<ul>\n<li>Ein zierliches Paar Scheiden f\u00fcr zwei Tragem\u00f6glichkeiten, erh\u00e4ltlich in zwei Farben. Sie eignen sich f\u00fcr kleine Taschenmesser.<\/li>\n<li>Die geringe Gr\u00f6\u00dfe bietet den Vorteil, dass die H\u00fclle sowohl vertikal als auch horizontal getragen werden kann. Beide Trageweisen behindern Sie beim Dehnen nicht.<\/li>\n<li>Das Design gef\u00e4llt Ihnen nicht? Das ist v\u00f6llig in Ordnung. Wir k\u00f6nnen diese Messerscheide vom verwendeten Material bis hin zu den gesamten Abmessungen der Scheide an Ihre Anforderungen anpassen.<\/li>\n<\/ul>","protected":false},"featured_media":7740,"template":"","meta":{"inline_featured_image":false},"product_brand":[],"product_cat":[86],"product_tag":[],"class_list":{"0":"post-5806","1":"product","2":"type-product","3":"status-publish","4":"has-post-thumbnail","6":"product_cat-knife-sheaths","7":"pa_material-pu-leather","8":"sales-flash-overlay","9":"woocommerce-text-align-left","10":"woocommerce-image-align-center","11":"do-quantity-buttons","12":"wc-has-gallery","14":"first","15":"instock","16":"shipping-taxable","17":"product-type-simple"},"_links":{"self":[{"href":"https:\/\/leeknives.com\/de\/wp-json\/wp\/v2\/product\/5806","targetHints":{"allow":["GET"]}}],"collection":[{"href":"https:\/\/leeknives.com\/de\/wp-json\/wp\/v2\/product"}],"about":[{"href":"https:\/\/leeknives.com\/de\/wp-json\/wp\/v2\/types\/product"}],"wp:featuredmedia":[{"embeddable":true,"href":"https:\/\/leeknives.com\/de\/wp-json\/wp\/v2\/media\/7740"}],"wp:attachment":[{"href":"https:\/\/leeknives.com\/de\/wp-json\/wp\/v2\/media?parent=5806"}],"wp:term":[{"taxonomy":"product_brand","embeddable":true,"href":"https:\/\/leeknives.com\/de\/wp-json\/wp\/v2\/product_brand?post=5806"},{"taxonomy":"product_cat","embeddable":true,"href":"https:\/\/leeknives.com\/de\/wp-json\/wp\/v2\/product_cat?post=5806"},{"taxonomy":"product_tag","embeddable":true,"href":"https:\/\/leeknives.com\/de\/wp-json\/wp\/v2\/product_tag?post=5806"}],"curies":[{"name":"wp","href":"https:\/\/api.w.org\/{rel}","templated":true}]}}