{"id":5811,"date":"2022-08-31T16:21:07","date_gmt":"2022-08-31T08:21:07","guid":{"rendered":"https:\/\/leeknives.com\/?post_type=product&#038;p=5811"},"modified":"2023-12-22T15:03:24","modified_gmt":"2023-12-22T07:03:24","slug":"messerscheide-lkksh20034","status":"publish","type":"product","link":"https:\/\/leeknives.com\/de\/knife-sheath-lkksh20034\/","title":{"rendered":"Benutzerdefiniertes Taschenmesser mit PU-Lederscheide LKKSH20034"},"content":{"rendered":"","protected":false},"excerpt":{"rendered":"<p>Ma\u00dfe, Farbe, Material und Stil der Scheide k\u00f6nnen auf Anfrage individuell angepasst werden.<\/p>\n<h3>Hauptmerkmale<\/h3>\n<ul>\n<li>Zwei Tragemethoden sind verf\u00fcgbar: H\u00e4ngend tragen oder vertikal an der G\u00fcrtelschlaufe tragen.<\/li>\n<li>K\u00fcnstliches PU-Leder ist ein bemerkenswertes Material, das nicht nur die Textur des Originalleders perfekt imitiert, sondern auch flecken- und verf\u00e4rbungsbest\u00e4ndig ist.<\/li>\n<li>Diese Taschenmesserscheide kann individuell an jede feststehende Klinge angepasst werden, von der Gesamtgr\u00f6\u00dfe bis hin zu Form und Stil.<\/li>\n<\/ul>","protected":false},"featured_media":7744,"template":"","meta":{"inline_featured_image":false},"product_brand":[],"product_cat":[86],"product_tag":[],"class_list":{"0":"post-5811","1":"product","2":"type-product","3":"status-publish","4":"has-post-thumbnail","6":"product_cat-knife-sheaths","7":"pa_material-pu-leather","8":"sales-flash-overlay","9":"woocommerce-text-align-left","10":"woocommerce-image-align-center","11":"do-quantity-buttons","13":"first","14":"instock","15":"shipping-taxable","16":"product-type-simple"},"_links":{"self":[{"href":"https:\/\/leeknives.com\/de\/wp-json\/wp\/v2\/product\/5811","targetHints":{"allow":["GET"]}}],"collection":[{"href":"https:\/\/leeknives.com\/de\/wp-json\/wp\/v2\/product"}],"about":[{"href":"https:\/\/leeknives.com\/de\/wp-json\/wp\/v2\/types\/product"}],"wp:featuredmedia":[{"embeddable":true,"href":"https:\/\/leeknives.com\/de\/wp-json\/wp\/v2\/media\/7744"}],"wp:attachment":[{"href":"https:\/\/leeknives.com\/de\/wp-json\/wp\/v2\/media?parent=5811"}],"wp:term":[{"taxonomy":"product_brand","embeddable":true,"href":"https:\/\/leeknives.com\/de\/wp-json\/wp\/v2\/product_brand?post=5811"},{"taxonomy":"product_cat","embeddable":true,"href":"https:\/\/leeknives.com\/de\/wp-json\/wp\/v2\/product_cat?post=5811"},{"taxonomy":"product_tag","embeddable":true,"href":"https:\/\/leeknives.com\/de\/wp-json\/wp\/v2\/product_tag?post=5811"}],"curies":[{"name":"wp","href":"https:\/\/api.w.org\/{rel}","templated":true}]}}