{"id":5813,"date":"2022-08-31T16:23:23","date_gmt":"2022-08-31T08:23:23","guid":{"rendered":"https:\/\/leeknives.com\/?post_type=product&#038;p=5813"},"modified":"2023-12-22T15:03:14","modified_gmt":"2023-12-22T07:03:14","slug":"messerscheide-lkksh20035","status":"publish","type":"product","link":"https:\/\/leeknives.com\/de\/products\/knife-sheath-lkksh20035\/","title":{"rendered":"Benutzerdefiniertes horizontales Tragetaschenmesser Crazy Horse Lederscheide mit G\u00fcrtelschlaufe LKKSH20035"},"content":{"rendered":"","protected":false},"excerpt":{"rendered":"<p>Ma\u00dfe, Farbe, Material und Stil der Scheide k\u00f6nnen auf Anfrage individuell angepasst werden.<\/p>\n<h3>Hauptmerkmale<\/h3>\n<ul>\n<li>Crazy Horse-Leder ist eine Art Pull-up-Leder. Es wird mit einer speziellen Technik hergestellt, die es der Lederoberfl\u00e4che erm\u00f6glicht, mit der Zeit ihre Farbe zu \u00e4ndern und eine Patina anzusetzen.<\/li>\n<li>Scout- oder horizontales Tragen mit G\u00fcrtelschlaufe. Es erm\u00f6glicht einfachen Zugriff auf die Scheide und verhindert versehentliches Stechen.<\/li>\n<li>Geeignet f\u00fcr alle Arten von EDC- und Kampfmessern. Crazy Horse-Leder ist kratzfest. Gr\u00f6\u00dfen und Abmessungen k\u00f6nnen individuell angepasst und ausgehandelt werden.<\/li>\n<\/ul>","protected":false},"featured_media":7745,"template":"","meta":{"inline_featured_image":false},"product_brand":[],"product_cat":[86],"product_tag":[],"class_list":{"0":"post-5813","1":"product","2":"type-product","3":"status-publish","4":"has-post-thumbnail","6":"product_cat-knife-sheaths","7":"pa_material-crazy-horse-leather","8":"sales-flash-overlay","9":"woocommerce-text-align-left","10":"woocommerce-image-align-center","11":"do-quantity-buttons","12":"wc-has-gallery","14":"first","15":"instock","16":"shipping-taxable","17":"product-type-simple"},"_links":{"self":[{"href":"https:\/\/leeknives.com\/de\/wp-json\/wp\/v2\/product\/5813","targetHints":{"allow":["GET"]}}],"collection":[{"href":"https:\/\/leeknives.com\/de\/wp-json\/wp\/v2\/product"}],"about":[{"href":"https:\/\/leeknives.com\/de\/wp-json\/wp\/v2\/types\/product"}],"wp:featuredmedia":[{"embeddable":true,"href":"https:\/\/leeknives.com\/de\/wp-json\/wp\/v2\/media\/7745"}],"wp:attachment":[{"href":"https:\/\/leeknives.com\/de\/wp-json\/wp\/v2\/media?parent=5813"}],"wp:term":[{"taxonomy":"product_brand","embeddable":true,"href":"https:\/\/leeknives.com\/de\/wp-json\/wp\/v2\/product_brand?post=5813"},{"taxonomy":"product_cat","embeddable":true,"href":"https:\/\/leeknives.com\/de\/wp-json\/wp\/v2\/product_cat?post=5813"},{"taxonomy":"product_tag","embeddable":true,"href":"https:\/\/leeknives.com\/de\/wp-json\/wp\/v2\/product_tag?post=5813"}],"curies":[{"name":"wp","href":"https:\/\/api.w.org\/{rel}","templated":true}]}}