{"id":5817,"date":"2022-08-31T16:26:26","date_gmt":"2022-08-31T08:26:26","guid":{"rendered":"https:\/\/leeknives.com\/?post_type=product&#038;p=5817"},"modified":"2023-12-22T15:03:04","modified_gmt":"2023-12-22T07:03:04","slug":"messerscheide-lkksh20036","status":"publish","type":"product","link":"https:\/\/leeknives.com\/de\/knife-sheath-lkksh20036\/","title":{"rendered":"Benutzerdefinierte feststehende Klinge aus PU-Leder LKKSH20036"},"content":{"rendered":"","protected":false},"excerpt":{"rendered":"<p>Ma\u00dfe, Farbe, Material und Stil der Scheide k\u00f6nnen auf Anfrage individuell angepasst werden.<\/p>\n<h3>Hauptmerkmale<\/h3>\n<ul>\n<li>Hergestellt aus synthetischem PU-Leder, hat es eine beeindruckende Festigkeit, die mit echtem Leder vergleichbar ist: Es rei\u00dft nicht so leicht und f\u00e4llt nicht ab.<\/li>\n<li>Ausgestattet mit einem G\u00fcrtelclip, der vertikal getragen werden sollte. Die Scheide st\u00f6rt nicht, wenn Sie sich hinsetzen oder hocken m\u00fcssen.<\/li>\n<li>Diese feststehende Klingenscheide bietet sicheren Halt f\u00fcr Messer mit breiter Spitze. Wir bieten auch individuelle Gr\u00f6\u00dfenanpassungen an.<\/li>\n<\/ul>","protected":false},"featured_media":7750,"template":"","meta":{"inline_featured_image":false},"product_brand":[],"product_cat":[86],"product_tag":[],"class_list":{"0":"post-5817","1":"product","2":"type-product","3":"status-publish","4":"has-post-thumbnail","6":"product_cat-knife-sheaths","7":"pa_material-pu-leather","8":"sales-flash-overlay","9":"woocommerce-text-align-left","10":"woocommerce-image-align-center","11":"do-quantity-buttons","12":"wc-has-gallery","14":"first","15":"instock","16":"shipping-taxable","17":"product-type-simple"},"_links":{"self":[{"href":"https:\/\/leeknives.com\/de\/wp-json\/wp\/v2\/product\/5817","targetHints":{"allow":["GET"]}}],"collection":[{"href":"https:\/\/leeknives.com\/de\/wp-json\/wp\/v2\/product"}],"about":[{"href":"https:\/\/leeknives.com\/de\/wp-json\/wp\/v2\/types\/product"}],"wp:featuredmedia":[{"embeddable":true,"href":"https:\/\/leeknives.com\/de\/wp-json\/wp\/v2\/media\/7750"}],"wp:attachment":[{"href":"https:\/\/leeknives.com\/de\/wp-json\/wp\/v2\/media?parent=5817"}],"wp:term":[{"taxonomy":"product_brand","embeddable":true,"href":"https:\/\/leeknives.com\/de\/wp-json\/wp\/v2\/product_brand?post=5817"},{"taxonomy":"product_cat","embeddable":true,"href":"https:\/\/leeknives.com\/de\/wp-json\/wp\/v2\/product_cat?post=5817"},{"taxonomy":"product_tag","embeddable":true,"href":"https:\/\/leeknives.com\/de\/wp-json\/wp\/v2\/product_tag?post=5817"}],"curies":[{"name":"wp","href":"https:\/\/api.w.org\/{rel}","templated":true}]}}