{"id":5821,"date":"2022-08-31T16:29:55","date_gmt":"2022-08-31T08:29:55","guid":{"rendered":"https:\/\/leeknives.com\/?post_type=product&#038;p=5821"},"modified":"2023-12-22T15:02:55","modified_gmt":"2023-12-22T07:02:55","slug":"messerscheide-lkksh20037","status":"publish","type":"product","link":"https:\/\/leeknives.com\/de\/knife-sheath-lkksh20037\/","title":{"rendered":"Benutzerdefinierte vertikale Tragescheide aus feststehender Klinge aus genarbtem Leder mit G\u00fcrtelschlaufe und Schleifsteintasche LKKSH20037"},"content":{"rendered":"","protected":false},"excerpt":{"rendered":"<p>Ma\u00dfe, Farbe, Material und Stil der Scheide k\u00f6nnen auf Anfrage individuell angepasst werden.<\/p>\n<div class=\"woocommerce-product-details__short-description\">\n<h3>Hauptmerkmale<\/h3>\n<ul>\n<li>Top-Grain-Leder aus echtem Rindsleder, geschliffen und gegl\u00e4ttet, um eine angenehme Textur zu erzeugen.<\/li>\n<li>In der 2 Zoll gro\u00dfen Cliptasche k\u00f6nnen Sie sicher Schl\u00fcsselanh\u00e4nger oder einen kleinen Schleifstein aufbewahren.<\/li>\n<li>Diese Scheide wird vertikal mit einer G\u00fcrtelschlaufe um die Taille getragen. Die Klinge muss dabei nach unten zeigen. Die Trageweise ist auf Anfrage anpassbar.<\/li>\n<\/ul>\n<\/div>","protected":false},"featured_media":7754,"template":"","meta":{"inline_featured_image":false},"product_brand":[],"product_cat":[86],"product_tag":[],"class_list":{"0":"post-5821","1":"product","2":"type-product","3":"status-publish","4":"has-post-thumbnail","6":"product_cat-knife-sheaths","7":"pa_material-top-grain-leather","8":"sales-flash-overlay","9":"woocommerce-text-align-left","10":"woocommerce-image-align-center","11":"do-quantity-buttons","12":"wc-has-gallery","14":"first","15":"instock","16":"shipping-taxable","17":"product-type-simple"},"_links":{"self":[{"href":"https:\/\/leeknives.com\/de\/wp-json\/wp\/v2\/product\/5821","targetHints":{"allow":["GET"]}}],"collection":[{"href":"https:\/\/leeknives.com\/de\/wp-json\/wp\/v2\/product"}],"about":[{"href":"https:\/\/leeknives.com\/de\/wp-json\/wp\/v2\/types\/product"}],"wp:featuredmedia":[{"embeddable":true,"href":"https:\/\/leeknives.com\/de\/wp-json\/wp\/v2\/media\/7754"}],"wp:attachment":[{"href":"https:\/\/leeknives.com\/de\/wp-json\/wp\/v2\/media?parent=5821"}],"wp:term":[{"taxonomy":"product_brand","embeddable":true,"href":"https:\/\/leeknives.com\/de\/wp-json\/wp\/v2\/product_brand?post=5821"},{"taxonomy":"product_cat","embeddable":true,"href":"https:\/\/leeknives.com\/de\/wp-json\/wp\/v2\/product_cat?post=5821"},{"taxonomy":"product_tag","embeddable":true,"href":"https:\/\/leeknives.com\/de\/wp-json\/wp\/v2\/product_tag?post=5821"}],"curies":[{"name":"wp","href":"https:\/\/api.w.org\/{rel}","templated":true}]}}