{"id":5827,"date":"2022-08-31T16:33:29","date_gmt":"2022-08-31T08:33:29","guid":{"rendered":"https:\/\/leeknives.com\/?post_type=product&#038;p=5827"},"modified":"2023-12-22T15:02:43","modified_gmt":"2023-12-22T07:02:43","slug":"messerscheide-lkksh20038","status":"publish","type":"product","link":"https:\/\/leeknives.com\/de\/knife-sheath-lkksh20038\/","title":{"rendered":"Benutzerdefinierte vertikale Tragescheide aus feststehender Klinge aus genarbtem Leder mit G\u00fcrtelschlaufe und Schleifsteintasche LKKSH20038"},"content":{"rendered":"","protected":false},"excerpt":{"rendered":"<p>Ma\u00dfe, Farbe, Material und Stil der Scheide k\u00f6nnen auf Anfrage individuell angepasst werden.<\/p>\n<h3>Hauptmerkmale<\/h3>\n<ul>\n<li>Hochwertiges Narbenleder, das sich weich anf\u00fchlt, strapazierf\u00e4hig ist und einen nat\u00fcrlichen, strahlenden Glanz ausstrahlt.<\/li>\n<li>Die kleine Seitentasche dient als Ablage f\u00fcr einen Schleifstein. Kunden k\u00f6nnen sie auch zur Aufbewahrung anderer Werkzeuge wie Feuerstein oder Schweizer Messer verwenden.<\/li>\n<li>Die Lederscheide wurde in einem nostalgischen Marineblau gef\u00e4rbt. Sollten Ihnen die \u00c4sthetik oder das Gesamtdesign nicht zusagen, k\u00f6nnen sie auf Anfrage individuell angepasst werden.<\/li>\n<\/ul>","protected":false},"featured_media":7755,"template":"","meta":{"inline_featured_image":false},"product_brand":[],"product_cat":[86],"product_tag":[],"class_list":{"0":"post-5827","1":"product","2":"type-product","3":"status-publish","4":"has-post-thumbnail","6":"product_cat-knife-sheaths","7":"pa_material-top-grain-leather","8":"sales-flash-overlay","9":"woocommerce-text-align-left","10":"woocommerce-image-align-center","11":"do-quantity-buttons","12":"wc-has-gallery","14":"first","15":"instock","16":"shipping-taxable","17":"product-type-simple"},"_links":{"self":[{"href":"https:\/\/leeknives.com\/de\/wp-json\/wp\/v2\/product\/5827","targetHints":{"allow":["GET"]}}],"collection":[{"href":"https:\/\/leeknives.com\/de\/wp-json\/wp\/v2\/product"}],"about":[{"href":"https:\/\/leeknives.com\/de\/wp-json\/wp\/v2\/types\/product"}],"wp:featuredmedia":[{"embeddable":true,"href":"https:\/\/leeknives.com\/de\/wp-json\/wp\/v2\/media\/7755"}],"wp:attachment":[{"href":"https:\/\/leeknives.com\/de\/wp-json\/wp\/v2\/media?parent=5827"}],"wp:term":[{"taxonomy":"product_brand","embeddable":true,"href":"https:\/\/leeknives.com\/de\/wp-json\/wp\/v2\/product_brand?post=5827"},{"taxonomy":"product_cat","embeddable":true,"href":"https:\/\/leeknives.com\/de\/wp-json\/wp\/v2\/product_cat?post=5827"},{"taxonomy":"product_tag","embeddable":true,"href":"https:\/\/leeknives.com\/de\/wp-json\/wp\/v2\/product_tag?post=5827"}],"curies":[{"name":"wp","href":"https:\/\/api.w.org\/{rel}","templated":true}]}}