{"id":5833,"date":"2022-08-31T16:37:45","date_gmt":"2022-08-31T08:37:45","guid":{"rendered":"https:\/\/leeknives.com\/?post_type=product&#038;p=5833"},"modified":"2023-12-22T15:02:19","modified_gmt":"2023-12-22T07:02:19","slug":"messerscheide-lkksh20039","status":"publish","type":"product","link":"https:\/\/leeknives.com\/de\/products\/knife-sheath-lkksh20039\/","title":{"rendered":"Benutzerdefinierte vertikale Tragescheide aus feststehender Klinge aus genarbtem Leder mit G\u00fcrtelschlaufe und Schleifsteintasche LKKSH20039"},"content":{"rendered":"","protected":false},"excerpt":{"rendered":"<p>Ma\u00dfe, Farbe, Material und Stil der Scheide k\u00f6nnen auf Anfrage individuell angepasst werden.<\/p>\n<div class=\"woocommerce-product-details__short-description\">\n<h3>Hauptmerkmale<\/h3>\n<ul>\n<li>Eine Messerscheide aus hochwertigem Narbenleder mit makelloser Optik und angenehmer Textur. Dar\u00fcber hinaus ist das Leder langlebig und rei\u00dft oder bl\u00e4ttert nicht so leicht ab, selbst wenn es bei der Pflege vernachl\u00e4ssigt wird.<\/li>\n<li>Die Schleifsteintasche ist ein praktisches Zubeh\u00f6r, mit dem Sie Ihre Messer jederzeit und \u00fcberall unterwegs sch\u00e4rfen k\u00f6nnen.<\/li>\n<li>Die Nahaufnahme zeigt detaillierte N\u00e4h- und Stickarbeiten, die die fachm\u00e4nnische Handwerkskunst widerspiegeln.<\/li>\n<\/ul>\n<\/div>","protected":false},"featured_media":7759,"template":"","meta":{"inline_featured_image":false},"product_brand":[],"product_cat":[86],"product_tag":[],"class_list":{"0":"post-5833","1":"product","2":"type-product","3":"status-publish","4":"has-post-thumbnail","6":"product_cat-knife-sheaths","7":"pa_material-top-grain-leather","8":"sales-flash-overlay","9":"woocommerce-text-align-left","10":"woocommerce-image-align-center","11":"do-quantity-buttons","12":"wc-has-gallery","14":"first","15":"instock","16":"shipping-taxable","17":"product-type-simple"},"_links":{"self":[{"href":"https:\/\/leeknives.com\/de\/wp-json\/wp\/v2\/product\/5833","targetHints":{"allow":["GET"]}}],"collection":[{"href":"https:\/\/leeknives.com\/de\/wp-json\/wp\/v2\/product"}],"about":[{"href":"https:\/\/leeknives.com\/de\/wp-json\/wp\/v2\/types\/product"}],"wp:featuredmedia":[{"embeddable":true,"href":"https:\/\/leeknives.com\/de\/wp-json\/wp\/v2\/media\/7759"}],"wp:attachment":[{"href":"https:\/\/leeknives.com\/de\/wp-json\/wp\/v2\/media?parent=5833"}],"wp:term":[{"taxonomy":"product_brand","embeddable":true,"href":"https:\/\/leeknives.com\/de\/wp-json\/wp\/v2\/product_brand?post=5833"},{"taxonomy":"product_cat","embeddable":true,"href":"https:\/\/leeknives.com\/de\/wp-json\/wp\/v2\/product_cat?post=5833"},{"taxonomy":"product_tag","embeddable":true,"href":"https:\/\/leeknives.com\/de\/wp-json\/wp\/v2\/product_tag?post=5833"}],"curies":[{"name":"wp","href":"https:\/\/api.w.org\/{rel}","templated":true}]}}