{"id":5838,"date":"2022-08-31T16:40:38","date_gmt":"2022-08-31T08:40:38","guid":{"rendered":"https:\/\/leeknives.com\/?post_type=product&#038;p=5838"},"modified":"2023-12-22T15:02:10","modified_gmt":"2023-12-22T07:02:10","slug":"messerscheide-lkksh20040","status":"publish","type":"product","link":"https:\/\/leeknives.com\/de\/knife-sheath-lkksh20040\/","title":{"rendered":"Benutzerdefinierte vertikale Tragescheide aus PU-Leder mit fester Klinge und G\u00fcrtelschlaufe LKKSH20040"},"content":{"rendered":"","protected":false},"excerpt":{"rendered":"<p>Ma\u00dfe, Farbe, Material und Stil der Scheide k\u00f6nnen auf Anfrage individuell angepasst werden.<\/p>\n<h3>Hauptmerkmale<\/h3>\n<ul>\n<li>G\u00fcrtelschlaufe auf der R\u00fcckseite und festgezogene Schn\u00fcrung vorne zum sicheren Tragen von Schneidwerkzeugen im Freien.<\/li>\n<li>Eine hochgradig anpassbare Messerscheide. Wir k\u00f6nnen die Abmessungen und den Stil der Scheide so anpassen, dass sie sich perfekt an jede feststehende Klinge anpasst.<\/li>\n<li>Ma\u00dfgefertigt aus PU-Leder. Das synthetische Material ist nicht nur nachhaltig, sondern ben\u00f6tigt auch wenig Pflege, um in gutem Zustand zu bleiben.<\/li>\n<\/ul>","protected":false},"featured_media":7763,"template":"","meta":{"inline_featured_image":false},"product_brand":[],"product_cat":[86],"product_tag":[],"class_list":{"0":"post-5838","1":"product","2":"type-product","3":"status-publish","4":"has-post-thumbnail","6":"product_cat-knife-sheaths","7":"pa_material-pu-leather","8":"sales-flash-overlay","9":"woocommerce-text-align-left","10":"woocommerce-image-align-center","11":"do-quantity-buttons","13":"first","14":"instock","15":"shipping-taxable","16":"product-type-simple"},"_links":{"self":[{"href":"https:\/\/leeknives.com\/de\/wp-json\/wp\/v2\/product\/5838","targetHints":{"allow":["GET"]}}],"collection":[{"href":"https:\/\/leeknives.com\/de\/wp-json\/wp\/v2\/product"}],"about":[{"href":"https:\/\/leeknives.com\/de\/wp-json\/wp\/v2\/types\/product"}],"wp:featuredmedia":[{"embeddable":true,"href":"https:\/\/leeknives.com\/de\/wp-json\/wp\/v2\/media\/7763"}],"wp:attachment":[{"href":"https:\/\/leeknives.com\/de\/wp-json\/wp\/v2\/media?parent=5838"}],"wp:term":[{"taxonomy":"product_brand","embeddable":true,"href":"https:\/\/leeknives.com\/de\/wp-json\/wp\/v2\/product_brand?post=5838"},{"taxonomy":"product_cat","embeddable":true,"href":"https:\/\/leeknives.com\/de\/wp-json\/wp\/v2\/product_cat?post=5838"},{"taxonomy":"product_tag","embeddable":true,"href":"https:\/\/leeknives.com\/de\/wp-json\/wp\/v2\/product_tag?post=5838"}],"curies":[{"name":"wp","href":"https:\/\/api.w.org\/{rel}","templated":true}]}}