{"id":5840,"date":"2022-08-31T16:46:31","date_gmt":"2022-08-31T08:46:31","guid":{"rendered":"https:\/\/leeknives.com\/?post_type=product&#038;p=5840"},"modified":"2024-02-26T17:35:38","modified_gmt":"2024-02-26T09:35:38","slug":"messerscheide-lkksh20041","status":"publish","type":"product","link":"https:\/\/leeknives.com\/de\/knife-sheath-lkksh20041\/","title":{"rendered":"Benutzerdefinierte Axt PU-Lederscheide LKKSH20041"},"content":{"rendered":"","protected":false},"excerpt":{"rendered":"<p>Ma\u00dfe, Farbe, Material und Stil der Scheide k\u00f6nnen auf Anfrage individuell angepasst werden.<\/p>\n<h3>Hauptmerkmale<\/h3>\n<ul>\n<li>Dieser Beilschutz ist aus synthetischem PU-Leder gefertigt. Ein nachhaltiges Material, das f\u00fcr seine Langlebigkeit und die nahezu perfekte Textur bekannt ist, die echte Tierh\u00e4ute imitiert.<\/li>\n<li>Die Scheide diente zur Aufbewahrung des Axtkopfes, der dann durch G\u00fcrtelschlaufen vertikal um die H\u00fcfte getragen werden kann.<\/li>\n<li>Die feste Scheide ist nur f\u00fcr bestimmte Axttypen geeignet. Wir k\u00f6nnen die Abmessungen und Gesamtgr\u00f6\u00dfen jedoch Ihren Bed\u00fcrfnissen entsprechend \u00e4ndern.<\/li>\n<\/ul>","protected":false},"featured_media":7764,"template":"","meta":{"inline_featured_image":false},"product_brand":[],"product_cat":[86,178],"product_tag":[],"class_list":{"0":"post-5840","1":"product","2":"type-product","3":"status-publish","4":"has-post-thumbnail","6":"product_cat-knife-sheaths","7":"product_cat-axes","8":"pa_material-pu-leather","9":"sales-flash-overlay","10":"woocommerce-text-align-left","11":"woocommerce-image-align-center","12":"do-quantity-buttons","13":"wc-has-gallery","15":"first","16":"instock","17":"shipping-taxable","18":"product-type-simple"},"_links":{"self":[{"href":"https:\/\/leeknives.com\/de\/wp-json\/wp\/v2\/product\/5840","targetHints":{"allow":["GET"]}}],"collection":[{"href":"https:\/\/leeknives.com\/de\/wp-json\/wp\/v2\/product"}],"about":[{"href":"https:\/\/leeknives.com\/de\/wp-json\/wp\/v2\/types\/product"}],"wp:featuredmedia":[{"embeddable":true,"href":"https:\/\/leeknives.com\/de\/wp-json\/wp\/v2\/media\/7764"}],"wp:attachment":[{"href":"https:\/\/leeknives.com\/de\/wp-json\/wp\/v2\/media?parent=5840"}],"wp:term":[{"taxonomy":"product_brand","embeddable":true,"href":"https:\/\/leeknives.com\/de\/wp-json\/wp\/v2\/product_brand?post=5840"},{"taxonomy":"product_cat","embeddable":true,"href":"https:\/\/leeknives.com\/de\/wp-json\/wp\/v2\/product_cat?post=5840"},{"taxonomy":"product_tag","embeddable":true,"href":"https:\/\/leeknives.com\/de\/wp-json\/wp\/v2\/product_tag?post=5840"}],"curies":[{"name":"wp","href":"https:\/\/api.w.org\/{rel}","templated":true}]}}